{"id":1302,"date":"2016-02-19T19:47:08","date_gmt":"2016-02-19T18:47:08","guid":{"rendered":"http:\/\/www.jochdohlen.com\/wordpress\/?page_id=1302"},"modified":"2025-12-22T08:12:05","modified_gmt":"2025-12-22T07:12:05","slug":"wegpunktecm","status":"publish","type":"page","link":"https:\/\/jochdohlen.com\/?page_id=1302","title":{"rendered":"Wendepunkte CM"},"content":{"rendered":"\t\t<div data-elementor-type=\"wp-page\" data-elementor-id=\"1302\" class=\"elementor elementor-1302\">\n\t\t\t\t<div class=\"elementor-element elementor-element-4fe64edd e-flex e-con-boxed e-con e-parent\" data-id=\"4fe64edd\" data-element_type=\"container\" data-e-type=\"container\">\n\t\t\t\t\t<div class=\"e-con-inner\">\n\t\t\t\t<div class=\"elementor-element elementor-element-34f91b78 elementor-widget elementor-widget-text-editor\" data-id=\"34f91b78\" data-element_type=\"widget\" data-e-type=\"widget\" data-widget_type=\"text-editor.default\">\n\t\t\t\t<div class=\"elementor-widget-container\">\n\t\t\t\t\t\t\t\t\t<p><a href=\"https:\/\/berndgassner.de\/thermix\/?pid=29813250&amp;title=&amp;routename=myplan&amp;filename=jochdohlen%20cm&amp;dateTime=[0,1]&amp;center=[47.1135,11.0880]&amp;markers=%5B%5B47.0381%2C11.235%2C%22Falbesoner%20Nockalm%22%2C%22%22%5D%2C%5B46.9905%2C11.3459%2C%22Gschnitzer%20Tribulaun%22%2C%22%22%5D%2C%5B47.1033%2C11.5227%2C%22Bendelstein%22%2C%22%22%5D%2C%5B47.1447%2C11.2732%2C%22Schlicker%20Seespitze%22%2C%22%22%5D%2C%5B47.0809%2C11.3634%2C%22Padasterjochhaus%22%2C%22%22%5D%2C%5B47.1333%2C11.2809%2C%22Burgstall%22%2C%22%22%5D%2C%5B47.0164%2C11.1289%2C%22Mutterberger%20See%22%2C%22%22%5D%2C%5B47.0438%2C11.2896%2C%22Habicht%22%2C%22%22%5D%2C%5B47.1491%2C11.396%2C%22Speichers.%22%2C%22%22%5D%2C%5B47.1072%2C11.2583%2C%22Brandstatt%22%2C%22%22%5D%2C%5B47.1235%2C11.3612%2C%22Wildeben%22%2C%22%22%5D%2C%5B47.0825%2C11.3126%2C%22Elferkofel%22%2C%22%22%5D%2C%5B46.9658%2C11.1643%2C%22Wilder%20Pfa%22%2C%22%22%5D%2C%5B46.9731%2C11.7278%2C%22Hochfeiler%22%2C%22%22%5D%2C%5B47.0438%2C11.0989%2C%22Schrankoge%22%2C%22%22%5D%5D&amp;turnpoints=[]\">Thermix Karte mit den Wegpunkten<\/a><br \/>1. XC Track usw.<br \/><img fetchpriority=\"high\" decoding=\"async\" class=\"aligncenter wp-image-3828\" src=\"https:\/\/jochdohlen.com\/wp-content\/uploads\/2025\/12\/CM2026XCTrack.png\" alt=\"\" width=\"347\" height=\"347\" srcset=\"https:\/\/jochdohlen.com\/wp-content\/uploads\/2025\/12\/CM2026XCTrack.png 800w, https:\/\/jochdohlen.com\/wp-content\/uploads\/2025\/12\/CM2026XCTrack-500x500.png 500w, https:\/\/jochdohlen.com\/wp-content\/uploads\/2025\/12\/CM2026XCTrack-150x150.png 150w, https:\/\/jochdohlen.com\/wp-content\/uploads\/2025\/12\/CM2026XCTrack-768x768.png 768w\" sizes=\"(max-width: 347px) 100vw, 347px\" \/><\/p><p><a href=\"https:\/\/drive.google.com\/file\/d\/1YRlHM6GiOpwj2BI4UzikODpApVJ99-yb\/view?usp=sharing\" target=\"_blank\" rel=\"noopener\">Der Link \u00f6ffnet eine Datei, die in Google Earth<\/a> die Position von unseren 300m-Bojen anzeigt. Wenn du die .klm-Datei deines Fluges aus dem XContest herunterl\u00e4dst und gleichzeitig \u00f6ffnest, kannst du genau erkennen, wie nah du den Bojen gekommen bist und wie viel noch bis zu ihnen gefehlt h\u00e4tte.<\/p>\t\t\t\t\t\t\t\t<\/div>\n\t\t\t\t<\/div>\n\t\t\t\t\t<\/div>\n\t\t\t\t<\/div>\n\t\t<div class=\"elementor-element elementor-element-03ccda3 e-flex e-con-boxed e-con e-parent\" data-id=\"03ccda3\" data-element_type=\"container\" data-e-type=\"container\">\n\t\t\t\t\t<div class=\"e-con-inner\">\n\t\t\t\t<div class=\"elementor-element elementor-element-169d212 elementor-widget elementor-widget-text-editor\" data-id=\"169d212\" data-element_type=\"widget\" data-e-type=\"widget\" data-widget_type=\"text-editor.default\">\n\t\t\t\t<div class=\"elementor-widget-container\">\n\t\t\t\t\t\t\t\t\t<p><a href=\"https:\/\/drive.google.com\/file\/d\/14eyI6r_zj6TJq-OODjV1K6vNMhaLK5Np\/view?usp=sharing\" target=\"_blank\" rel=\"noopener\">CM2026_XCTrack<\/a><\/p><p><a href=\"https:\/\/drive.google.com\/file\/d\/14xLW8yzUvQXKGjwPXL-G-x6VDaQB5_7u\/view?usp=sharing\" target=\"_blank\" rel=\"noopener\">CM2026_Skytrax 2.1 bis 4.0<\/a><\/p><p><a href=\"https:\/\/drive.google.com\/file\/d\/1ghcA5hwsFfBmLEr-msR2fJIWfFjmacdo\/view?usp=sharing\" target=\"_blank\" rel=\"noopener\">CM2026 Skytrax 3.0<\/a><\/p>\t\t\t\t\t\t\t\t<\/div>\n\t\t\t\t<\/div>\n\t\t\t\t\t<\/div>\n\t\t\t\t<\/div>\n\t\t\t\t<\/div>\n\t\t","protected":false},"excerpt":{"rendered":"<p>Thermix Karte mit den Wegpunkten1. XC Track usw. Der Link \u00f6ffnet eine Datei, die in Google Earth die Position von unseren 300m-Bojen anzeigt. Wenn du die .klm-Datei deines Fluges aus &#8230; <a title=\"Wendepunkte CM\" class=\"read-more\" href=\"https:\/\/jochdohlen.com\/?page_id=1302\" aria-label=\"Mehr Informationen \u00fcber Wendepunkte CM\">Weiterlesen<\/a><\/p>\n","protected":false},"author":2,"featured_media":0,"parent":0,"menu_order":0,"comment_status":"closed","ping_status":"closed","template":"","meta":{"footnotes":""},"class_list":["post-1302","page","type-page","status-publish"],"_links":{"self":[{"href":"https:\/\/jochdohlen.com\/index.php?rest_route=\/wp\/v2\/pages\/1302","targetHints":{"allow":["GET"]}}],"collection":[{"href":"https:\/\/jochdohlen.com\/index.php?rest_route=\/wp\/v2\/pages"}],"about":[{"href":"https:\/\/jochdohlen.com\/index.php?rest_route=\/wp\/v2\/types\/page"}],"author":[{"embeddable":true,"href":"https:\/\/jochdohlen.com\/index.php?rest_route=\/wp\/v2\/users\/2"}],"replies":[{"embeddable":true,"href":"https:\/\/jochdohlen.com\/index.php?rest_route=%2Fwp%2Fv2%2Fcomments&post=1302"}],"version-history":[{"count":70,"href":"https:\/\/jochdohlen.com\/index.php?rest_route=\/wp\/v2\/pages\/1302\/revisions"}],"predecessor-version":[{"id":3840,"href":"https:\/\/jochdohlen.com\/index.php?rest_route=\/wp\/v2\/pages\/1302\/revisions\/3840"}],"wp:attachment":[{"href":"https:\/\/jochdohlen.com\/index.php?rest_route=%2Fwp%2Fv2%2Fmedia&parent=1302"}],"curies":[{"name":"wp","href":"https:\/\/api.w.org\/{rel}","templated":true}]}}