{"id":220,"date":"2013-10-14T17:51:09","date_gmt":"2013-10-14T16:51:09","guid":{"rendered":"http:\/\/www.jochdohlen.com\/wordpress\/?page_id=220"},"modified":"2014-01-01T19:05:31","modified_gmt":"2014-01-01T18:05:31","slug":"ueber-uns","status":"publish","type":"page","link":"https:\/\/jochdohlen.com\/?page_id=220","title":{"rendered":"\u00dcber uns"},"content":{"rendered":"<p style=\"text-align: center;\"><strong>Vorteile des Clubs:<\/strong><\/p>\n<p style=\"text-align: center;\">keine Start- und Landegeb\u00fchr<br \/>\nClubhaus mit eigener Landewiese und &#8222;Notverpflegung&#8220; f\u00fcr Flieger<br \/>\nPartys und Grillen zum Selbstkostenpreis<br \/>\nKinderbetreuung (manchmal)<br \/>\nF\u00fcr Anf\u00e4nger und G\u00e4ste Einweisung ins Fluggebiet<br \/>\nimmer auf dem neuesten Stand &#8211; Homepage &#8211;<br \/>\nneueste Infos per Facebook, Homepage und SMS<br \/>\nAusfl\u00fcge und Flugsafaris mit dem Club<br \/>\nClubmeisterschaft mit tollen Preisen<br \/>\nFunbewerbe, wie zB. Punktlandung etc.<br \/>\nClubboutique mit Caps, Shirts und Rauchpatronen<br \/>\nSonstige Leistungen, wie Rettungsschirm packen<\/p>\n<p style=\"text-align: center;\"><img fetchpriority=\"high\" decoding=\"async\" class=\"alignleft\" alt=\"Clubausweis\" src=\"http:\/\/www.jochdohlen.com\/Bilder\/Clubausweis2009.jpg\" width=\"300\" height=\"194\" \/><\/p>\n<p style=\"text-align: center;\">Dein Club &#8211; Dein Vorteil!<\/p>\n<p style=\"text-align: center;\">&#8230;und das alles f\u00fcr nur 40 \u20ac\/Jahr<\/p>\n<p style=\"text-align: center;\">Damit du Mitglied werden kannst, brauchen wir:<br \/>\nNamen, Adresse, Geburtsdatum, Telefonnummer (Handy) und Angaben zu deinem Flugger\u00e4t<br \/>\nSende uns ein Mail mit diesen Daten und schon bald bist du bei uns dabei!<\/p>\n","protected":false},"excerpt":{"rendered":"<p>Vorteile des Clubs: keine Start- und Landegeb\u00fchr Clubhaus mit eigener Landewiese und &#8222;Notverpflegung&#8220; f\u00fcr Flieger Partys und Grillen zum Selbstkostenpreis Kinderbetreuung (manchmal) F\u00fcr Anf\u00e4nger und G\u00e4ste Einweisung ins Fluggebiet immer &#8230; <a title=\"\u00dcber uns\" class=\"read-more\" href=\"https:\/\/jochdohlen.com\/?page_id=220\" aria-label=\"Mehr Informationen \u00fcber \u00dcber uns\">Weiterlesen<\/a><\/p>\n","protected":false},"author":1,"featured_media":0,"parent":0,"menu_order":0,"comment_status":"closed","ping_status":"open","template":"showcase.php","meta":{"footnotes":""},"class_list":["post-220","page","type-page","status-publish"],"_links":{"self":[{"href":"https:\/\/jochdohlen.com\/index.php?rest_route=\/wp\/v2\/pages\/220","targetHints":{"allow":["GET"]}}],"collection":[{"href":"https:\/\/jochdohlen.com\/index.php?rest_route=\/wp\/v2\/pages"}],"about":[{"href":"https:\/\/jochdohlen.com\/index.php?rest_route=\/wp\/v2\/types\/page"}],"author":[{"embeddable":true,"href":"https:\/\/jochdohlen.com\/index.php?rest_route=\/wp\/v2\/users\/1"}],"replies":[{"embeddable":true,"href":"https:\/\/jochdohlen.com\/index.php?rest_route=%2Fwp%2Fv2%2Fcomments&post=220"}],"version-history":[{"count":5,"href":"https:\/\/jochdohlen.com\/index.php?rest_route=\/wp\/v2\/pages\/220\/revisions"}],"predecessor-version":[{"id":441,"href":"https:\/\/jochdohlen.com\/index.php?rest_route=\/wp\/v2\/pages\/220\/revisions\/441"}],"wp:attachment":[{"href":"https:\/\/jochdohlen.com\/index.php?rest_route=%2Fwp%2Fv2%2Fmedia&parent=220"}],"curies":[{"name":"wp","href":"https:\/\/api.w.org\/{rel}","templated":true}]}}