{"id":223,"date":"2013-10-14T17:50:07","date_gmt":"2013-10-14T16:50:07","guid":{"rendered":"http:\/\/www.jochdohlen.com\/wordpress\/?page_id=223"},"modified":"2024-12-14T15:56:54","modified_gmt":"2024-12-14T14:56:54","slug":"meisterschaft","status":"publish","type":"page","link":"https:\/\/jochdohlen.com\/?page_id=223","title":{"rendered":"Meisterschaft"},"content":{"rendered":"<p style=\"text-align: center;\"><span style=\"font-size: large;\">Clubmeisterschaften<\/span><\/p>\n<p>Allj\u00e4hrlich veranstalten wir Wettbewerbe innerhalb des Clubs. Der wichtigste davon ist sicherlich die Clubmeisterschaft. Dabei m\u00fcssen verschiedene Gipfel und sch\u00f6ne Pl\u00e4tze im und um das Stubaital umflogen werden. Je fr\u00fcher im Jahr umso mehr Punkte gibt`s.<\/p>\n<p>Die besten Piloten des Clubs erhalten am Ende des Jahres wertvolle Sachpreise und der Gewinner unseren Wanderpokal die &#8222;Jochdohle&#8220;<\/p>\n<p>Daneben gibt es noch 2 weitere Bewerbe die jedes Jahr stattfinden: den Serles und den Ruderhofcup.<br \/>\nWer als erster in der Saison einen der Gipfel \u00fcberfliegt, bekommt eine Kiste Bier, die er nat\u00fcrlich mit den Verlierern auch teilen kann!<\/p>\n<p><strong>Clubmeisterschaft 2024<\/strong><\/p>\n<p><img fetchpriority=\"high\" decoding=\"async\" class=\"aligncenter  wp-image-3511\" src=\"https:\/\/jochdohlen.com\/wp-content\/uploads\/2024\/12\/Bildschirmfoto-2024-12-14-um-15.54.01-968x1024.png\" alt=\"CM 2024\" width=\"581\" height=\"615\" srcset=\"https:\/\/jochdohlen.com\/wp-content\/uploads\/2024\/12\/Bildschirmfoto-2024-12-14-um-15.54.01-968x1024.png 968w, https:\/\/jochdohlen.com\/wp-content\/uploads\/2024\/12\/Bildschirmfoto-2024-12-14-um-15.54.01-473x500.png 473w, https:\/\/jochdohlen.com\/wp-content\/uploads\/2024\/12\/Bildschirmfoto-2024-12-14-um-15.54.01-768x812.png 768w, https:\/\/jochdohlen.com\/wp-content\/uploads\/2024\/12\/Bildschirmfoto-2024-12-14-um-15.54.01.png 970w\" sizes=\"(max-width: 581px) 100vw, 581px\" \/><\/p>\n<p><strong>Hike &amp; Fly CM 2024:<\/strong><\/p>\n<ol>\n<li>Werner Krajnc<\/li>\n<li>Johanna Elsner<\/li>\n<li>Karolin Wiecozorek<\/li>\n<\/ol>\n<p><a href=\"https:\/\/docs.google.com\/spreadsheets\/d\/1dL0YkHHtJgK8Hso8a-ihi4W8hRLbWM1b\/edit?usp=drive_link&amp;ouid=116075137601535340862&amp;rtpof=true&amp;sd=true\" target=\"_blank\" rel=\"noopener\">Clubmeisterschaft 2023 ges. Ergebnis<\/a><\/p>\n<p><img decoding=\"async\" class=\"alignnone  wp-image-3363\" src=\"https:\/\/jochdohlen.com\/wp-content\/uploads\/2023\/12\/Ergebnis-CM2023-1016x1024.png\" alt=\"\" width=\"381\" height=\"384\" srcset=\"https:\/\/jochdohlen.com\/wp-content\/uploads\/2023\/12\/Ergebnis-CM2023-1016x1024.png 1016w, https:\/\/jochdohlen.com\/wp-content\/uploads\/2023\/12\/Ergebnis-CM2023-150x150.png 150w, https:\/\/jochdohlen.com\/wp-content\/uploads\/2023\/12\/Ergebnis-CM2023-496x500.png 496w, https:\/\/jochdohlen.com\/wp-content\/uploads\/2023\/12\/Ergebnis-CM2023-768x774.png 768w, https:\/\/jochdohlen.com\/wp-content\/uploads\/2023\/12\/Ergebnis-CM2023-624x629.png 624w, https:\/\/jochdohlen.com\/wp-content\/uploads\/2023\/12\/Ergebnis-CM2023.png 1346w\" sizes=\"(max-width: 381px) 100vw, 381px\" \/><\/p>\n<p><a href=\"https:\/\/docs.google.com\/spreadsheets\/u\/1\/d\/1YcQopTzobP7cD6WCRgQJ6C3Ld5vtP97H\/preview\" rel=\"noopener\">Clubmeisterschaft 2022 ges. Ergebnis<\/a><\/p>\n<p>Clubmeisterschaft 2022\u00a0 Ergebnis<br \/>\n<img decoding=\"async\" class=\"alignnone size-full wp-image-3235\" src=\"https:\/\/jochdohlen.com\/wp-content\/uploads\/2022\/12\/Ergebnis-.jpg\" alt=\"\" width=\"866\" height=\"878\" srcset=\"https:\/\/jochdohlen.com\/wp-content\/uploads\/2022\/12\/Ergebnis-.jpg 866w, https:\/\/jochdohlen.com\/wp-content\/uploads\/2022\/12\/Ergebnis--493x500.jpg 493w, https:\/\/jochdohlen.com\/wp-content\/uploads\/2022\/12\/Ergebnis--768x779.jpg 768w, https:\/\/jochdohlen.com\/wp-content\/uploads\/2022\/12\/Ergebnis--624x633.jpg 624w\" sizes=\"(max-width: 866px) 100vw, 866px\" \/><\/p>\n<p><img loading=\"lazy\" decoding=\"async\" class=\"alignnone size-large wp-image-2993\" src=\"https:\/\/jochdohlen.com\/wp-content\/uploads\/2021\/12\/Para21-1024x205.png\" alt=\"\" width=\"625\" height=\"125\" srcset=\"https:\/\/jochdohlen.com\/wp-content\/uploads\/2021\/12\/Para21-1024x205.png 1024w, https:\/\/jochdohlen.com\/wp-content\/uploads\/2021\/12\/Para21-500x100.png 500w, https:\/\/jochdohlen.com\/wp-content\/uploads\/2021\/12\/Para21-768x153.png 768w, https:\/\/jochdohlen.com\/wp-content\/uploads\/2021\/12\/Para21-624x125.png 624w\" sizes=\"(max-width: 625px) 100vw, 625px\" \/><br \/>\n<img loading=\"lazy\" decoding=\"async\" class=\"alignnone wp-image-2992\" src=\"https:\/\/jochdohlen.com\/wp-content\/uploads\/2021\/12\/Delta21.png\" alt=\"\" width=\"219\" height=\"104\" srcset=\"https:\/\/jochdohlen.com\/wp-content\/uploads\/2021\/12\/Delta21.png 582w, https:\/\/jochdohlen.com\/wp-content\/uploads\/2021\/12\/Delta21-500x237.png 500w\" sizes=\"(max-width: 219px) 100vw, 219px\" \/><br \/>\n<a href=\"https:\/\/drive.google.com\/file\/d\/1BdAbc6mUJLTnPctmCBwn1Sn8kUXiB-jU\" target=\"_blank\" rel=\"noopener\">Ergebnis 2021<\/a><\/p>\n<p><img loading=\"lazy\" decoding=\"async\" class=\"alignleft size-large wp-image-2662\" src=\"https:\/\/jochdohlen.com\/wp-content\/uploads\/2020\/12\/Ergebnis-Para-1024x112.jpg\" alt=\"\" width=\"625\" height=\"68\" srcset=\"https:\/\/jochdohlen.com\/wp-content\/uploads\/2020\/12\/Ergebnis-Para-1024x112.jpg 1024w, https:\/\/jochdohlen.com\/wp-content\/uploads\/2020\/12\/Ergebnis-Para-500x55.jpg 500w, https:\/\/jochdohlen.com\/wp-content\/uploads\/2020\/12\/Ergebnis-Para-768x84.jpg 768w, https:\/\/jochdohlen.com\/wp-content\/uploads\/2020\/12\/Ergebnis-Para-624x68.jpg 624w, https:\/\/jochdohlen.com\/wp-content\/uploads\/2020\/12\/Ergebnis-Para.jpg 1268w\" sizes=\"(max-width: 625px) 100vw, 625px\" \/><\/p>\n<p><img loading=\"lazy\" decoding=\"async\" class=\"alignleft size-full wp-image-2663\" src=\"https:\/\/jochdohlen.com\/wp-content\/uploads\/2020\/12\/Ergebnis-Delta.jpg\" alt=\"\" width=\"452\" height=\"104\" \/><\/p>\n<p><a href=\"https:\/\/drive.google.com\/open?id=1ZSy7r8F_AKTJRBHfZu70gxIrfI2TbEqc\" target=\"_blank\" rel=\"noopener\">Ergebnis der CM 2020<\/a><\/p>\n<p><img loading=\"lazy\" decoding=\"async\" class=\"alignleft size-full wp-image-2289\" src=\"https:\/\/jochdohlen.com\/wp-content\/uploads\/2019\/12\/CM2019.jpg\" alt=\"\" width=\"1409\" height=\"152\" srcset=\"https:\/\/jochdohlen.com\/wp-content\/uploads\/2019\/12\/CM2019.jpg 1409w, https:\/\/jochdohlen.com\/wp-content\/uploads\/2019\/12\/CM2019-500x54.jpg 500w, https:\/\/jochdohlen.com\/wp-content\/uploads\/2019\/12\/CM2019-768x83.jpg 768w, https:\/\/jochdohlen.com\/wp-content\/uploads\/2019\/12\/CM2019-1024x110.jpg 1024w, https:\/\/jochdohlen.com\/wp-content\/uploads\/2019\/12\/CM2019-624x67.jpg 624w\" sizes=\"(max-width: 1409px) 100vw, 1409px\" \/><\/p>\n<p><a href=\"https:\/\/drive.google.com\/open?id=1tYDEJeovuuV4gLtjWShHi5sjx9VygiIG\" target=\"_blank\" rel=\"noopener\">Ergebnis der CM 2019<\/a><\/p>\n<p><img loading=\"lazy\" decoding=\"async\" class=\"alignnone size-large wp-image-2908\" src=\"https:\/\/jochdohlen.com\/wp-content\/uploads\/2021\/08\/CM2018_result-1024x90.png\" alt=\"\" width=\"625\" height=\"55\" srcset=\"https:\/\/jochdohlen.com\/wp-content\/uploads\/2021\/08\/CM2018_result-1024x90.png 1024w, https:\/\/jochdohlen.com\/wp-content\/uploads\/2021\/08\/CM2018_result-500x44.png 500w, https:\/\/jochdohlen.com\/wp-content\/uploads\/2021\/08\/CM2018_result-768x67.png 768w, https:\/\/jochdohlen.com\/wp-content\/uploads\/2021\/08\/CM2018_result-624x55.png 624w, https:\/\/jochdohlen.com\/wp-content\/uploads\/2021\/08\/CM2018_result.png 1519w\" sizes=\"(max-width: 625px) 100vw, 625px\" \/><\/p>\n<p><a href=\"https:\/\/docs.google.com\/spreadsheets\/d\/1xwnZhMaaoSTNnbGFFrKEBHYpzWERAiWc\/edit?usp=sharing&amp;ouid=116075137601535340862&amp;rtpof=true&amp;sd=true\" rel=\"noopener\">Ergebnis der CM 2018<\/a><\/p>\n<p><img loading=\"lazy\" decoding=\"async\" class=\"aligncenter size-large wp-image-1853\" src=\"https:\/\/jochdohlen.com\/wp-content\/uploads\/2017\/12\/Ergebnis-2017-1024x94.jpg\" alt=\"\" width=\"625\" height=\"57\" srcset=\"https:\/\/jochdohlen.com\/wp-content\/uploads\/2017\/12\/Ergebnis-2017-1024x94.jpg 1024w, https:\/\/jochdohlen.com\/wp-content\/uploads\/2017\/12\/Ergebnis-2017-500x46.jpg 500w, https:\/\/jochdohlen.com\/wp-content\/uploads\/2017\/12\/Ergebnis-2017-768x71.jpg 768w, https:\/\/jochdohlen.com\/wp-content\/uploads\/2017\/12\/Ergebnis-2017-624x57.jpg 624w, https:\/\/jochdohlen.com\/wp-content\/uploads\/2017\/12\/Ergebnis-2017.jpg 1404w\" sizes=\"(max-width: 625px) 100vw, 625px\" \/><\/p>\n<p><a href=\"https:\/\/jochdohlen.com\/wp-content\/uploads\/2017\/12\/CM_RESULT_2017.xlsx\">Ergebnis der CM 2017<\/a><\/p>\n<table border=\"0\" width=\"80%\">\n<tbody>\n<tr>\n<td>\n<div align=\"center\">Clubmeisterschaft 2015<\/div>\n<table border=\"1\" width=\"90%\" cellspacing=\"0\" align=\"center\">\n<tbody>\n<tr>\n<td>\n<div align=\"center\"><strong>Paragleiter<\/strong><\/div>\n<\/td>\n<td>\n<div align=\"center\"><strong>Drachenflieger<\/strong><\/div>\n<\/td>\n<\/tr>\n<tr>\n<td>\n<blockquote>\n<ol>\n<li>Harald Falschlunger<\/li>\n<li>Georg Mair<\/li>\n<li>Andreas Marihart<\/li>\n<\/ol>\n<\/blockquote>\n<\/td>\n<td>\n<blockquote>\n<ol>\n<li>Robert Stern<\/li>\n<li>Helmut T\u00f6chterle<\/li>\n<li>Werner Salchner<\/li>\n<\/ol>\n<\/blockquote>\n<\/td>\n<\/tr>\n<\/tbody>\n<\/table>\n<\/td>\n<\/tr>\n<\/tbody>\n<\/table>\n<table border=\"0\" width=\"80%\">\n<tbody>\n<tr>\n<td>\n<div align=\"center\">Clubmeisterschaft 2014<\/div>\n<table border=\"1\" width=\"90%\" cellspacing=\"0\" align=\"center\">\n<tbody>\n<tr>\n<td>\n<div align=\"center\"><strong>Paragleiter<\/strong><\/div>\n<\/td>\n<td>\n<div align=\"center\"><strong>Drachenflieger<\/strong><\/div>\n<\/td>\n<\/tr>\n<tr>\n<td>\n<blockquote>\n<ol>\n<li>Georg Mair<\/li>\n<li>Harald Falschlunger<\/li>\n<li>Gregor Baumann<\/li>\n<\/ol>\n<\/blockquote>\n<\/td>\n<td>\n<blockquote>\n<ol>\n<li>Helmut Neswabda<\/li>\n<li>Otto Denifl<\/li>\n<li>Helmut T\u00f6chterle<\/li>\n<\/ol>\n<\/blockquote>\n<\/td>\n<\/tr>\n<\/tbody>\n<\/table>\n<\/td>\n<\/tr>\n<\/tbody>\n<\/table>\n<table border=\"0\" width=\"80%\">\n<tbody>\n<tr>\n<td>\n<div align=\"center\">Clubmeisterschaft 2013<\/div>\n<table border=\"1\" width=\"90%\" cellspacing=\"0\" align=\"center\">\n<tbody>\n<tr>\n<td>\n<div align=\"center\"><strong>Paragleiter<\/strong><\/div>\n<\/td>\n<td>\n<div align=\"center\"><strong>Drachenflieger<\/strong><\/div>\n<\/td>\n<\/tr>\n<tr>\n<td>\n<blockquote>\n<ol>\n<li>Harald Falschlunger<\/li>\n<li>Gerhard Jank<\/li>\n<li>Gregor Baumann<\/li>\n<\/ol>\n<\/blockquote>\n<\/td>\n<td>\n<blockquote>\n<ol>\n<li>Robert Stern<\/li>\n<li>Helmut T\u00f6chterle<\/li>\n<li>Werner Salchner<\/li>\n<\/ol>\n<\/blockquote>\n<\/td>\n<\/tr>\n<\/tbody>\n<\/table>\n<\/td>\n<\/tr>\n<\/tbody>\n<\/table>\n<table border=\"0\" width=\"80%\">\n<tbody>\n<tr>\n<td>\n<div align=\"center\">Clubmeisterschaft 2012<\/div>\n<table border=\"1\" width=\"90%\" cellspacing=\"0\" align=\"center\">\n<tbody>\n<tr>\n<td>\n<div align=\"center\"><strong>Paragleiter<\/strong><\/div>\n<\/td>\n<td>\n<div align=\"center\"><strong>Drachenflieger<\/strong><\/div>\n<\/td>\n<\/tr>\n<tr>\n<td>\n<blockquote>\n<ol>\n<li>Andreas Marihart<\/li>\n<li>Harald Falschlunger<\/li>\n<li>Leitner Rudi<\/li>\n<\/ol>\n<\/blockquote>\n<\/td>\n<td>\n<blockquote>\n<ol>\n<li>Otto Denifl<\/li>\n<li>Werner Salchner<\/li>\n<li>Helmut T\u00f6chterle<\/li>\n<\/ol>\n<\/blockquote>\n<\/td>\n<\/tr>\n<\/tbody>\n<\/table>\n<\/td>\n<\/tr>\n<\/tbody>\n<\/table>\n<table border=\"0\" width=\"80%\">\n<tbody>\n<tr>\n<td>\n<div align=\"center\">Clubmeisterschaft 2011<\/div>\n<table border=\"1\" width=\"90%\" cellspacing=\"0\" align=\"center\">\n<tbody>\n<tr>\n<td>\n<div align=\"center\"><strong>Paragleiter<\/strong><\/div>\n<\/td>\n<td>\n<div align=\"center\"><strong>Drachenflieger<\/strong><\/div>\n<\/td>\n<\/tr>\n<tr>\n<td>\n<blockquote>\n<ol>\n<li>Harald Falschlunger<\/li>\n<li>Gregor Baumann<\/li>\n<li>Andreas Marihart<\/li>\n<\/ol>\n<\/blockquote>\n<\/td>\n<td>\n<blockquote>\n<ol>\n<li>Werner Salchner<\/li>\n<li>Robert Stern<\/li>\n<li>Helmut T\u00f6chterle<\/li>\n<\/ol>\n<\/blockquote>\n<\/td>\n<\/tr>\n<\/tbody>\n<\/table>\n<\/td>\n<\/tr>\n<\/tbody>\n<\/table>\n<table border=\"0\" width=\"80%\">\n<tbody>\n<tr>\n<td>\n<div align=\"center\">Clubmeisterschaft 2008<\/div>\n<table border=\"1\" width=\"70%\" cellspacing=\"0\" align=\"center\">\n<tbody>\n<tr>\n<td>\n<div align=\"center\"><strong>Paragleiter<\/strong><\/div>\n<\/td>\n<td>\n<div align=\"center\"><strong>Drachenflieger<\/strong><\/div>\n<\/td>\n<\/tr>\n<tr>\n<td>\n<div align=\"left\">\n<blockquote>\n<ol>\n<li>Harald Falschlunger<\/li>\n<li>Stefan Thaler<\/li>\n<li>Gerhard Jank<\/li>\n<\/ol>\n<\/blockquote>\n<\/div>\n<\/td>\n<td>\n<blockquote>\n<ol>\n<li>Neswabda Helli<\/li>\n<li>RobertSchmidt<\/li>\n<li>Axel Kreuter<\/li>\n<\/ol>\n<\/blockquote>\n<\/td>\n<\/tr>\n<\/tbody>\n<\/table>\n<\/td>\n<\/tr>\n<\/tbody>\n<\/table>\n<table border=\"0\" width=\"80%\">\n<tbody>\n<tr>\n<td>\n<div align=\"center\">Clubmeisterschaft 2007<\/div>\n<table border=\"1\" width=\"70%\" cellspacing=\"0\" align=\"center\">\n<tbody>\n<tr>\n<td>\n<div align=\"center\"><strong>Drachenflieger<\/strong><\/div>\n<\/td>\n<\/tr>\n<tr>\n<td>\n<blockquote>\n<ol>\n<li>Gerhard Mayerhofer<\/li>\n<li>Helmut Neswabda<\/li>\n<li>Robert Schmidt<\/li>\n<\/ol>\n<\/blockquote>\n<\/td>\n<\/tr>\n<\/tbody>\n<\/table>\n<\/td>\n<\/tr>\n<\/tbody>\n<\/table>\n<table border=\"0\" width=\"80%\">\n<tbody>\n<tr>\n<td>\n<div align=\"center\">Clubmeisterschaft 2006<\/div>\n<table border=\"1\" width=\"70%\" cellspacing=\"0\" align=\"center\">\n<tbody>\n<tr>\n<td>\n<div align=\"center\"><strong>Paragleiter<\/strong><\/div>\n<\/td>\n<td>\n<div align=\"center\"><strong>Drachenflieger<\/strong><\/div>\n<\/td>\n<\/tr>\n<tr>\n<td>\n<div align=\"left\">\n<blockquote>\n<ol>\n<li>Harald Falschlunger<\/li>\n<li>Andreas Maihart<\/li>\n<li>Stefan Thaler<\/li>\n<\/ol>\n<\/blockquote>\n<\/div>\n<\/td>\n<td>\n<blockquote>\n<ol>\n<li>Andreas Orgeler<\/li>\n<li>Helmut Neswadba<\/li>\n<li>Robert Schmidt<\/li>\n<\/ol>\n<\/blockquote>\n<\/td>\n<\/tr>\n<\/tbody>\n<\/table>\n<\/td>\n<\/tr>\n<\/tbody>\n<\/table>\n<table border=\"0\" width=\"80%\">\n<tbody>\n<tr>\n<td>\n<div align=\"center\">Clubmeisterschaft 2005<\/div>\n<table border=\"1\" width=\"70%\" cellspacing=\"0\" align=\"center\">\n<tbody>\n<tr>\n<td>\n<div align=\"center\"><strong>Paragleiter<\/strong><\/div>\n<\/td>\n<td>\n<div align=\"center\"><strong>Drachenflieger<\/strong><\/div>\n<\/td>\n<\/tr>\n<tr>\n<td>\n<div align=\"left\">\n<blockquote>\n<ol>\n<li>Harald Falschlunger<\/li>\n<li>Andreas Marihart<\/li>\n<li>Rudolf Leitner<\/li>\n<\/ol>\n<\/blockquote>\n<\/div>\n<\/td>\n<td>\n<blockquote>\n<ol>\n<li>Andreas Orgler<\/li>\n<li>Helmut Neswadba<\/li>\n<li>Robert Schmidt<\/li>\n<\/ol>\n<\/blockquote>\n<\/td>\n<\/tr>\n<\/tbody>\n<\/table>\n<\/td>\n<\/tr>\n<\/tbody>\n<\/table>\n<table border=\"0\" width=\"80%\">\n<tbody>\n<tr>\n<td>\n<div align=\"center\">Clubmeisterschaft 2004<\/div>\n<table border=\"1\" width=\"90%\" cellspacing=\"0\" align=\"center\">\n<tbody>\n<tr>\n<td>\n<div align=\"center\"><strong>Paragleiter<\/strong><\/div>\n<\/td>\n<td>\n<div align=\"center\"><strong>Drachenflieger<\/strong><\/div>\n<\/td>\n<\/tr>\n<tr>\n<td>\n<blockquote>\n<ol>\n<li>Andreas Marihart<\/li>\n<li>Harald Falschlunger<\/li>\n<li>Stefan Thaler<\/li>\n<\/ol>\n<\/blockquote>\n<\/td>\n<td>\n<blockquote>\n<ol>\n<li>Andreas Orgler<\/li>\n<li>Robert Schmidt<\/li>\n<li>Robert Stern<\/li>\n<\/ol>\n<\/blockquote>\n<\/td>\n<\/tr>\n<\/tbody>\n<\/table>\n<\/td>\n<\/tr>\n<\/tbody>\n<\/table>\n<table border=\"0\" width=\"80%\">\n<tbody>\n<tr>\n<td>\n<div align=\"center\">Clubmeisterschaft 2003<\/div>\n<table border=\"1\" width=\"90%\" cellspacing=\"0\" align=\"center\">\n<tbody>\n<tr>\n<td>\n<div align=\"center\"><strong>Paragleiter<\/strong><\/div>\n<\/td>\n<td>\n<div align=\"center\"><strong>Drachenflieger<\/strong><\/div>\n<\/td>\n<\/tr>\n<tr>\n<td>\n<blockquote>\n<ol>\n<li>Andreas Marihart<\/li>\n<li>Leitner Rudi<\/li>\n<li>Harald Falschlunger<\/li>\n<\/ol>\n<\/blockquote>\n<\/td>\n<td>\n<blockquote>\n<ol>\n<li>Andreas Orgler<\/li>\n<li>Robert Schmidt<\/li>\n<li>Robert Stern<\/li>\n<\/ol>\n<\/blockquote>\n<\/td>\n<\/tr>\n<\/tbody>\n<\/table>\n<\/td>\n<\/tr>\n<\/tbody>\n<\/table>\n<table border=\"0\" width=\"80%\">\n<tbody>\n<tr>\n<td>\n<div align=\"center\">Clubmeisterschaft 2002<\/div>\n<table border=\"1\" width=\"90%\" cellspacing=\"0\" align=\"center\">\n<tbody>\n<tr>\n<td>\n<div align=\"center\"><strong>Paragleiter<\/strong><\/div>\n<\/td>\n<td>\n<div align=\"center\"><strong>Drachenflieger<\/strong><\/div>\n<\/td>\n<\/tr>\n<tr>\n<td>\n<blockquote>\n<ol>\n<li>Harald Falschlunger<\/li>\n<li>Leitner Rudi<\/li>\n<li>Andi Marihard<\/li>\n<\/ol>\n<\/blockquote>\n<\/td>\n<td>\n<blockquote>\n<ol>\n<li>Andreas Orgler<\/li>\n<li>Robert Stern<\/li>\n<li>Otto Denifl<\/li>\n<\/ol>\n<\/blockquote>\n<\/td>\n<\/tr>\n<\/tbody>\n<\/table>\n<\/td>\n<\/tr>\n<\/tbody>\n<\/table>\n<table border=\"0\" width=\"80%\">\n<tbody>\n<tr>\n<td>\n<div align=\"center\">Clubmeisterschaft 2001<\/div>\n<table border=\"1\" width=\"90%\" cellspacing=\"0\" align=\"center\">\n<tbody>\n<tr>\n<td>\n<div align=\"center\"><strong>Paragleiter<\/strong><\/div>\n<\/td>\n<td>\n<div align=\"center\"><strong>Drachenflieger<\/strong><\/div>\n<\/td>\n<\/tr>\n<tr>\n<td>\n<blockquote>\n<ol>\n<li>Rudi Leitner<\/li>\n<li>Harald Falschlunger<\/li>\n<li>Andi Marihard<\/li>\n<\/ol>\n<\/blockquote>\n<\/td>\n<td>\n<blockquote>\n<ol>\n<li>Otto Denifl<\/li>\n<li>Robert Schmidt<\/li>\n<li>Robert Schmidt<\/li>\n<\/ol>\n<\/blockquote>\n<\/td>\n<\/tr>\n<\/tbody>\n<\/table>\n<\/td>\n<\/tr>\n<\/tbody>\n<\/table>\n","protected":false},"excerpt":{"rendered":"<p>Clubmeisterschaften Allj\u00e4hrlich veranstalten wir Wettbewerbe innerhalb des Clubs. Der wichtigste davon ist sicherlich die Clubmeisterschaft. Dabei m\u00fcssen verschiedene Gipfel und sch\u00f6ne Pl\u00e4tze im und um das Stubaital umflogen werden. Je &#8230; <a title=\"Meisterschaft\" class=\"read-more\" href=\"https:\/\/jochdohlen.com\/?page_id=223\" aria-label=\"Mehr Informationen \u00fcber Meisterschaft\">Weiterlesen<\/a><\/p>\n","protected":false},"author":1,"featured_media":0,"parent":0,"menu_order":0,"comment_status":"closed","ping_status":"open","template":"","meta":{"footnotes":""},"class_list":["post-223","page","type-page","status-publish"],"_links":{"self":[{"href":"https:\/\/jochdohlen.com\/index.php?rest_route=\/wp\/v2\/pages\/223","targetHints":{"allow":["GET"]}}],"collection":[{"href":"https:\/\/jochdohlen.com\/index.php?rest_route=\/wp\/v2\/pages"}],"about":[{"href":"https:\/\/jochdohlen.com\/index.php?rest_route=\/wp\/v2\/types\/page"}],"author":[{"embeddable":true,"href":"https:\/\/jochdohlen.com\/index.php?rest_route=\/wp\/v2\/users\/1"}],"replies":[{"embeddable":true,"href":"https:\/\/jochdohlen.com\/index.php?rest_route=%2Fwp%2Fv2%2Fcomments&post=223"}],"version-history":[{"count":47,"href":"https:\/\/jochdohlen.com\/index.php?rest_route=\/wp\/v2\/pages\/223\/revisions"}],"predecessor-version":[{"id":3512,"href":"https:\/\/jochdohlen.com\/index.php?rest_route=\/wp\/v2\/pages\/223\/revisions\/3512"}],"wp:attachment":[{"href":"https:\/\/jochdohlen.com\/index.php?rest_route=%2Fwp%2Fv2%2Fmedia&parent=223"}],"curies":[{"name":"wp","href":"https:\/\/api.w.org\/{rel}","templated":true}]}}