{"id":225,"date":"2013-10-14T17:50:18","date_gmt":"2013-10-14T16:50:18","guid":{"rendered":"http:\/\/www.jochdohlen.com\/wordpress\/?page_id=225"},"modified":"2017-09-19T08:28:24","modified_gmt":"2017-09-19T07:28:24","slug":"chronik","status":"publish","type":"page","link":"https:\/\/jochdohlen.com\/?page_id=225","title":{"rendered":"Chronik"},"content":{"rendered":"<table border=\"0\" width=\"80%\">\n<tbody>\n<tr>\n<td style=\"text-align: center;\" valign=\"top\"><\/td>\n<td>\n<div align=\"center\"><img decoding=\"async\" src=\"http:\/\/www.jochdohlen.com\/pics\/club1.jpg\" alt=\"\" \/>1987 wurde der &#8222;Gleitschirmclub<br \/>\nStubai&#8220; gegr\u00fcndet, parallel dazu wurde 1989 der Drachenfliegerclub<br \/>\n&#8222;Stubaier Jochdohlen&#8220; mit 15 Mitgliedern gegr\u00fcndet.<\/div>\n<\/td>\n<\/tr>\n<tr>\n<td style=\"text-align: center;\"><img decoding=\"async\" src=\"http:\/\/www.jochdohlen.com\/pics\/club2.jpg\" alt=\"\" \/>1996 kam der Zusammenschlu\u00df<br \/>\nbeider Clubs zum &#8222;Gleitschirm- und Drachenfliegerclub Stubai&#8220;.<\/td>\n<td valign=\"top\"><span style=\"font-family: Arial,Helvetica,sans-serif; font-size: small;\"><br \/>\n<\/span><\/td>\n<\/tr>\n<tr>\n<td valign=\"top\"><\/td>\n<td style=\"text-align: center;\"><img decoding=\"async\" src=\"http:\/\/www.jochdohlen.com\/pics\/club3.jpg\" alt=\"\" \/>Der langj\u00e4hrige<br \/>\nund erfolgreiche Veranstalter des Stubaicups f\u00fcr Paragleiter z\u00e4hlt<br \/>\nderzeit 54 aktive Mitglieder aus \u00d6sterreich, Deutschland und Italien.<\/td>\n<\/tr>\n<\/tbody>\n<\/table>\n","protected":false},"excerpt":{"rendered":"<p>1987 wurde der &#8222;Gleitschirmclub Stubai&#8220; gegr\u00fcndet, parallel dazu wurde 1989 der Drachenfliegerclub &#8222;Stubaier Jochdohlen&#8220; mit 15 Mitgliedern gegr\u00fcndet. 1996 kam der Zusammenschlu\u00df beider Clubs zum &#8222;Gleitschirm- und Drachenfliegerclub Stubai&#8220;. Der &#8230; <a title=\"Chronik\" class=\"read-more\" href=\"https:\/\/jochdohlen.com\/?page_id=225\" aria-label=\"Mehr Informationen \u00fcber Chronik\">Weiterlesen<\/a><\/p>\n","protected":false},"author":1,"featured_media":0,"parent":0,"menu_order":0,"comment_status":"closed","ping_status":"open","template":"","meta":{"footnotes":""},"class_list":["post-225","page","type-page","status-publish"],"_links":{"self":[{"href":"https:\/\/jochdohlen.com\/index.php?rest_route=\/wp\/v2\/pages\/225","targetHints":{"allow":["GET"]}}],"collection":[{"href":"https:\/\/jochdohlen.com\/index.php?rest_route=\/wp\/v2\/pages"}],"about":[{"href":"https:\/\/jochdohlen.com\/index.php?rest_route=\/wp\/v2\/types\/page"}],"author":[{"embeddable":true,"href":"https:\/\/jochdohlen.com\/index.php?rest_route=\/wp\/v2\/users\/1"}],"replies":[{"embeddable":true,"href":"https:\/\/jochdohlen.com\/index.php?rest_route=%2Fwp%2Fv2%2Fcomments&post=225"}],"version-history":[{"count":17,"href":"https:\/\/jochdohlen.com\/index.php?rest_route=\/wp\/v2\/pages\/225\/revisions"}],"predecessor-version":[{"id":1753,"href":"https:\/\/jochdohlen.com\/index.php?rest_route=\/wp\/v2\/pages\/225\/revisions\/1753"}],"wp:attachment":[{"href":"https:\/\/jochdohlen.com\/index.php?rest_route=%2Fwp%2Fv2%2Fmedia&parent=225"}],"curies":[{"name":"wp","href":"https:\/\/api.w.org\/{rel}","templated":true}]}}