{"id":2479,"date":"2020-07-08T15:45:40","date_gmt":"2020-07-08T14:45:40","guid":{"rendered":"http:\/\/www.jochdohlen.com\/wordpress\/?page_id=2479"},"modified":"2020-07-08T15:45:40","modified_gmt":"2020-07-08T14:45:40","slug":"2479-2","status":"publish","type":"page","link":"https:\/\/jochdohlen.com\/?page_id=2479","title":{"rendered":""},"content":{"rendered":"<div id=\"pl-2479\"  class=\"panel-layout\" >\n<div id=\"pg-2479-0\"  class=\"panel-grid panel-no-style\" >\n<div id=\"pgc-2479-0-0\"  class=\"panel-grid-cell\"  data-weight=\"1\" >\n<div id=\"panel-2479-0-0-0\" class=\"so-panel widget widget_media_image panel-first-child\" data-index=\"0\" data-style=\"{&quot;background_display&quot;:&quot;tile&quot;}\" ><img fetchpriority=\"high\" decoding=\"async\" width=\"500\" height=\"393\" src=\"https:\/\/jochdohlen.com\/wp-content\/uploads\/2020\/07\/20190514_114815-500x393.jpg\" class=\"image wp-image-2478  attachment-medium size-medium\" alt=\"\" style=\"max-width: 100%; height: auto;\" srcset=\"https:\/\/jochdohlen.com\/wp-content\/uploads\/2020\/07\/20190514_114815-500x393.jpg 500w, https:\/\/jochdohlen.com\/wp-content\/uploads\/2020\/07\/20190514_114815-768x604.jpg 768w, https:\/\/jochdohlen.com\/wp-content\/uploads\/2020\/07\/20190514_114815-1024x805.jpg 1024w, https:\/\/jochdohlen.com\/wp-content\/uploads\/2020\/07\/20190514_114815-624x491.jpg 624w\" sizes=\"(max-width: 500px) 100vw, 500px\" \/><\/div>\n<div id=\"panel-2479-0-0-1\" class=\"so-panel widget widget_sow-editor panel-last-child\" data-index=\"1\" >\n<div class=\"so-widget-sow-editor so-widget-sow-editor-base\">\n<div class=\"siteorigin-widget-tinymce textwidget\">\n\tAstrid B\u00f6hm<br \/>\nParagleiter<\/p>\n<p>Ich fliege seit 2000. Aktiv habe ich mich nie f\u00fcrs Fliegen interessiert, durch einige Zuf\u00e4lle bin ich aber 2000 beim Gleitschirmfliegen gelandet. Und wegen der Fliegerei bin ich 2001 in Tirol gelandet. Seitdem fliege ich gerne und viel (Thermik, kleine Strecken, hike&#038;fly, groundhandeln). Logicherweise fliege ich die meiste Zeit zuhause in Tirol, aber ich bereise auch sehr gerne mit meinem Schirm andere L\u00e4nder.<\/p><\/div>\n<\/div>\n<\/div>\n<\/div>\n<\/div>\n<\/div>\n","protected":false},"excerpt":{"rendered":"<p>Astrid B\u00f6hm Paragleiter Ich fliege seit 2000. Aktiv habe ich mich nie f\u00fcrs Fliegen interessiert, durch einige Zuf\u00e4lle bin ich aber 2000 beim Gleitschirmfliegen gelandet. Und wegen der Fliegerei bin &#8230; <a title=\"\" class=\"read-more\" href=\"https:\/\/jochdohlen.com\/?page_id=2479\" aria-label=\"Mehr Informationen \u00fcber \">Weiterlesen<\/a><\/p>\n","protected":false},"author":2,"featured_media":0,"parent":0,"menu_order":0,"comment_status":"closed","ping_status":"closed","template":"","meta":{"footnotes":""},"class_list":["post-2479","page","type-page","status-publish"],"_links":{"self":[{"href":"https:\/\/jochdohlen.com\/index.php?rest_route=\/wp\/v2\/pages\/2479","targetHints":{"allow":["GET"]}}],"collection":[{"href":"https:\/\/jochdohlen.com\/index.php?rest_route=\/wp\/v2\/pages"}],"about":[{"href":"https:\/\/jochdohlen.com\/index.php?rest_route=\/wp\/v2\/types\/page"}],"author":[{"embeddable":true,"href":"https:\/\/jochdohlen.com\/index.php?rest_route=\/wp\/v2\/users\/2"}],"replies":[{"embeddable":true,"href":"https:\/\/jochdohlen.com\/index.php?rest_route=%2Fwp%2Fv2%2Fcomments&post=2479"}],"version-history":[{"count":3,"href":"https:\/\/jochdohlen.com\/index.php?rest_route=\/wp\/v2\/pages\/2479\/revisions"}],"predecessor-version":[{"id":2482,"href":"https:\/\/jochdohlen.com\/index.php?rest_route=\/wp\/v2\/pages\/2479\/revisions\/2482"}],"wp:attachment":[{"href":"https:\/\/jochdohlen.com\/index.php?rest_route=%2Fwp%2Fv2%2Fmedia&parent=2479"}],"curies":[{"name":"wp","href":"https:\/\/api.w.org\/{rel}","templated":true}]}}