{"id":2494,"date":"2020-07-11T18:19:36","date_gmt":"2020-07-11T17:19:36","guid":{"rendered":"http:\/\/www.jochdohlen.com\/wordpress\/?page_id=2494"},"modified":"2020-07-11T18:19:36","modified_gmt":"2020-07-11T17:19:36","slug":"frank-ofner","status":"publish","type":"page","link":"https:\/\/jochdohlen.com\/?page_id=2494","title":{"rendered":"Frank Ofner"},"content":{"rendered":"<div id=\"pl-2494\"  class=\"panel-layout\" >\n<div id=\"pg-2494-0\"  class=\"panel-grid panel-no-style\" >\n<div id=\"pgc-2494-0-0\"  class=\"panel-grid-cell\"  data-weight=\"1\" >\n<div id=\"panel-2494-0-0-0\" class=\"so-panel widget widget_media_image panel-first-child\" data-index=\"0\" data-style=\"{&quot;background_display&quot;:&quot;tile&quot;}\" ><img fetchpriority=\"high\" decoding=\"async\" width=\"500\" height=\"366\" src=\"https:\/\/jochdohlen.com\/wp-content\/uploads\/2020\/07\/Ofer-500x366.jpg\" class=\"image wp-image-2492  attachment-medium size-medium\" alt=\"\" style=\"max-width: 100%; height: auto;\" srcset=\"https:\/\/jochdohlen.com\/wp-content\/uploads\/2020\/07\/Ofer-500x366.jpg 500w, https:\/\/jochdohlen.com\/wp-content\/uploads\/2020\/07\/Ofer-624x457.jpg 624w, https:\/\/jochdohlen.com\/wp-content\/uploads\/2020\/07\/Ofer.jpg 629w\" sizes=\"(max-width: 500px) 100vw, 500px\" \/><\/div>\n<div id=\"panel-2494-0-0-1\" class=\"so-panel widget widget_sow-editor panel-last-child\" data-index=\"1\" >\n<div class=\"so-widget-sow-editor so-widget-sow-editor-base\">\n<div class=\"siteorigin-widget-tinymce textwidget\">\n\tName: Frank Ofner<br \/>\nFlugger\u00e4t: Paragleiter<br \/>\nWie bin ich zum Fliegen gekommen: Bei einem Motorrad Ausflug 1997 einen Paragleiter an einer Staumauer soaren gesehen. Das wollte ich unbedingt ausprobieren. 1998 im Sommer hatte ich Zeit f\u00fcr einen Schnupperkurs und hab dann gleich weitergemacht. Seitdem fahr ich kein Motorrad mehr \ud83d\ude42<br \/>\nAusbildung: Zillertal und Altm\u00fchltal (Winde)<br \/>\nVorlieben: Strecke, wenn keine Bahn geht Hike&#038;Fly. Vol Bivouac Tour ist aber noch auf der ToDo Liste ganz oben<br \/>\nWie viele Stunden: eindeutig zu wenig :-\/ Im Moment weniger als 50h<br \/>\nSch\u00f6nste Fl\u00fcge: 2 wundersch\u00f6ne 100km Flachlandfl\u00fcge von der Winde bei meinem fr\u00fcheren Club im Burgenland. Einer \u00fcber Ungarn bis kurz vor die Kroatische Grenze, der zweite \u00fcber das Weststeirische Weinland bis kurz vor die Slowenische Grenze n\u00e4he Maribor<br \/>\nfliege gerne in: Saint-Andr\u00e9-les-Alpes, Frankreich; Bassano (ausserhalb der Deutschen Ferienzeiten \ud83d\ude42 )<br \/>\nZeit: am Wochenende<br \/>\nsonstige Hobbies: MTB, wenns nit zum fliegn geht; Yoga<\/div>\n<\/div>\n<\/div>\n<\/div>\n<\/div>\n<\/div>\n","protected":false},"excerpt":{"rendered":"<p>Name: Frank Ofner Flugger\u00e4t: Paragleiter Wie bin ich zum Fliegen gekommen: Bei einem Motorrad Ausflug 1997 einen Paragleiter an einer Staumauer soaren gesehen. Das wollte ich unbedingt ausprobieren. 1998 im &#8230; <a title=\"Frank Ofner\" class=\"read-more\" href=\"https:\/\/jochdohlen.com\/?page_id=2494\" aria-label=\"Mehr Informationen \u00fcber Frank Ofner\">Weiterlesen<\/a><\/p>\n","protected":false},"author":2,"featured_media":0,"parent":0,"menu_order":0,"comment_status":"closed","ping_status":"closed","template":"","meta":{"footnotes":""},"class_list":["post-2494","page","type-page","status-publish"],"_links":{"self":[{"href":"https:\/\/jochdohlen.com\/index.php?rest_route=\/wp\/v2\/pages\/2494","targetHints":{"allow":["GET"]}}],"collection":[{"href":"https:\/\/jochdohlen.com\/index.php?rest_route=\/wp\/v2\/pages"}],"about":[{"href":"https:\/\/jochdohlen.com\/index.php?rest_route=\/wp\/v2\/types\/page"}],"author":[{"embeddable":true,"href":"https:\/\/jochdohlen.com\/index.php?rest_route=\/wp\/v2\/users\/2"}],"replies":[{"embeddable":true,"href":"https:\/\/jochdohlen.com\/index.php?rest_route=%2Fwp%2Fv2%2Fcomments&post=2494"}],"version-history":[{"count":3,"href":"https:\/\/jochdohlen.com\/index.php?rest_route=\/wp\/v2\/pages\/2494\/revisions"}],"predecessor-version":[{"id":2497,"href":"https:\/\/jochdohlen.com\/index.php?rest_route=\/wp\/v2\/pages\/2494\/revisions\/2497"}],"wp:attachment":[{"href":"https:\/\/jochdohlen.com\/index.php?rest_route=%2Fwp%2Fv2%2Fmedia&parent=2494"}],"curies":[{"name":"wp","href":"https:\/\/api.w.org\/{rel}","templated":true}]}}