{"id":2501,"date":"2020-07-11T18:23:24","date_gmt":"2020-07-11T17:23:24","guid":{"rendered":"http:\/\/www.jochdohlen.com\/wordpress\/?page_id=2501"},"modified":"2020-07-11T18:33:23","modified_gmt":"2020-07-11T17:33:23","slug":"matthias-lechle","status":"publish","type":"page","link":"https:\/\/jochdohlen.com\/?page_id=2501","title":{"rendered":"Matthias Lechle"},"content":{"rendered":"<div id=\"pl-2501\"  class=\"panel-layout\" >\n<div id=\"pg-2501-0\"  class=\"panel-grid panel-no-style\" >\n<div id=\"pgc-2501-0-0\"  class=\"panel-grid-cell\"  data-weight=\"1\" >\n<div id=\"panel-2501-0-0-0\" class=\"so-panel widget widget_media_image panel-first-child\" data-index=\"0\" data-style=\"{&quot;background_display&quot;:&quot;tile&quot;}\" ><img fetchpriority=\"high\" decoding=\"async\" width=\"500\" height=\"375\" src=\"https:\/\/jochdohlen.com\/wp-content\/uploads\/2020\/07\/IMG_0103-500x375.jpeg\" class=\"image wp-image-2493  attachment-medium size-medium\" alt=\"\" style=\"max-width: 100%; height: auto;\" srcset=\"https:\/\/jochdohlen.com\/wp-content\/uploads\/2020\/07\/IMG_0103-500x375.jpeg 500w, https:\/\/jochdohlen.com\/wp-content\/uploads\/2020\/07\/IMG_0103-768x576.jpeg 768w, https:\/\/jochdohlen.com\/wp-content\/uploads\/2020\/07\/IMG_0103-1024x768.jpeg 1024w, https:\/\/jochdohlen.com\/wp-content\/uploads\/2020\/07\/IMG_0103-624x468.jpeg 624w, https:\/\/jochdohlen.com\/wp-content\/uploads\/2020\/07\/IMG_0103.jpeg 1500w\" sizes=\"(max-width: 500px) 100vw, 500px\" \/><\/div>\n<div id=\"panel-2501-0-0-1\" class=\"so-panel widget widget_sow-editor panel-last-child\" data-index=\"1\" data-style=\"{&quot;background_image_attachment&quot;:false,&quot;background_display&quot;:&quot;tile&quot;}\" >\n<div class=\"so-widget-sow-editor so-widget-sow-editor-base\">\n<div class=\"siteorigin-widget-tinymce textwidget\">\n<p>Name: Matthias Lechle<br \/>Gleitschirm<br \/>NOVA Prion 4 in Blau und Woody Valley Wani 2, Advanced Companion SQR<\/p>\n<p>Der Traum vom Fliegen begleitet mich schon mein Leben lang, verwirklicht habe ich diesen aber erst im Jahr 2018 mit einem Anf\u00e4ngerkurs. Gemeinsam mit meinem sehr guten Freund Christian (rechts im Bild) habe ich die Ausbildung bei Monika Eller begonnen und fliege seit 2019 alleine vom Elfer oder Kreuzjoch. Meine Motivation und mein Ziele liegen im Hike&amp;Fly, wof\u00fcr ich momentan noch ausreichend Erfahrung sammeln m\u00f6chte. Im September 2020 geht\u2019s dann f\u00fcr eine Woche ins Veneto um weiter zu lernen, zu \u00fcben und die Anzahl meiner bisher 77 Fl\u00fcge zu erh\u00f6hen. Meine l\u00e4ngsten Fl\u00fcge als Anf\u00e4nger beschr\u00e4nken sich auf verz\u00f6gerte Abgleiter und meine spektakul\u00e4rsten auf eine paar Runden im G-Force Trainer.<br \/>Ich fliege aus Gr\u00fcnden der N\u00e4he sehr gerne im Stubaital und bin dort meist Freitag bis Sonntag anzutreffen.<\/p>\n<\/div>\n<\/div>\n<\/div>\n<\/div>\n<\/div>\n<\/div>\n","protected":false},"excerpt":{"rendered":"<p>Name: Matthias LechleGleitschirmNOVA Prion 4 in Blau und Woody Valley Wani 2, Advanced Companion SQR Der Traum vom Fliegen begleitet mich schon mein Leben lang, verwirklicht habe ich diesen aber &#8230; <a title=\"Matthias Lechle\" class=\"read-more\" href=\"https:\/\/jochdohlen.com\/?page_id=2501\" aria-label=\"Mehr Informationen \u00fcber Matthias Lechle\">Weiterlesen<\/a><\/p>\n","protected":false},"author":2,"featured_media":0,"parent":0,"menu_order":0,"comment_status":"closed","ping_status":"closed","template":"","meta":{"footnotes":""},"class_list":["post-2501","page","type-page","status-publish"],"_links":{"self":[{"href":"https:\/\/jochdohlen.com\/index.php?rest_route=\/wp\/v2\/pages\/2501","targetHints":{"allow":["GET"]}}],"collection":[{"href":"https:\/\/jochdohlen.com\/index.php?rest_route=\/wp\/v2\/pages"}],"about":[{"href":"https:\/\/jochdohlen.com\/index.php?rest_route=\/wp\/v2\/types\/page"}],"author":[{"embeddable":true,"href":"https:\/\/jochdohlen.com\/index.php?rest_route=\/wp\/v2\/users\/2"}],"replies":[{"embeddable":true,"href":"https:\/\/jochdohlen.com\/index.php?rest_route=%2Fwp%2Fv2%2Fcomments&post=2501"}],"version-history":[{"count":4,"href":"https:\/\/jochdohlen.com\/index.php?rest_route=\/wp\/v2\/pages\/2501\/revisions"}],"predecessor-version":[{"id":2507,"href":"https:\/\/jochdohlen.com\/index.php?rest_route=\/wp\/v2\/pages\/2501\/revisions\/2507"}],"wp:attachment":[{"href":"https:\/\/jochdohlen.com\/index.php?rest_route=%2Fwp%2Fv2%2Fmedia&parent=2501"}],"curies":[{"name":"wp","href":"https:\/\/api.w.org\/{rel}","templated":true}]}}