{"id":2545,"date":"2020-08-29T17:59:09","date_gmt":"2020-08-29T16:59:09","guid":{"rendered":"http:\/\/www.jochdohlen.com\/wordpress\/?page_id=2545"},"modified":"2020-08-29T17:59:09","modified_gmt":"2020-08-29T16:59:09","slug":"rudi-leitner","status":"publish","type":"page","link":"https:\/\/jochdohlen.com\/?page_id=2545","title":{"rendered":"Rudi Leitner"},"content":{"rendered":"<div id=\"pl-2545\"  class=\"panel-layout\" >\n<div id=\"pg-2545-0\"  class=\"panel-grid panel-no-style\" >\n<div id=\"pgc-2545-0-0\"  class=\"panel-grid-cell\"  data-weight=\"1\" >\n<div id=\"panel-2545-0-0-0\" class=\"so-panel widget widget_media_image panel-first-child\" data-index=\"0\" data-style=\"{&quot;background_image_attachment&quot;:false,&quot;background_display&quot;:&quot;tile&quot;}\" ><img fetchpriority=\"high\" decoding=\"async\" width=\"375\" height=\"500\" src=\"https:\/\/jochdohlen.com\/wp-content\/uploads\/2020\/08\/Rudi-375x500.jpg\" class=\"image wp-image-2546  attachment-medium size-medium\" alt=\"\" style=\"max-width: 100%; height: auto;\" srcset=\"https:\/\/jochdohlen.com\/wp-content\/uploads\/2020\/08\/Rudi-375x500.jpg 375w, https:\/\/jochdohlen.com\/wp-content\/uploads\/2020\/08\/Rudi-768x1024.jpg 768w, https:\/\/jochdohlen.com\/wp-content\/uploads\/2020\/08\/Rudi-624x832.jpg 624w, https:\/\/jochdohlen.com\/wp-content\/uploads\/2020\/08\/Rudi.jpg 906w\" sizes=\"(max-width: 375px) 100vw, 375px\" \/><\/div>\n<div id=\"panel-2545-0-0-1\" class=\"so-panel widget widget_sow-editor panel-last-child\" data-index=\"1\" >\n<div class=\"so-widget-sow-editor so-widget-sow-editor-base\">\n<div class=\"siteorigin-widget-tinymce textwidget\">\n<p>Paragleiter\/ Ozone DELTA 4<\/p>\n<p>Erstflug:\u00a0 September 1986, 2500+ Fl\u00fcge<\/p>\n<p>Urspr\u00fcnglich als Abstiegshilfe gedacht, bald aber Hobby Nr. 1.<\/p>\n<p>Nach einem kurzen Abstecher zu den Drachen (darum beginnt mein SOPI mit \u201eH\u201c wie H\u00e4ngegleiter) mit den ersten \u201ebrauchbaren\u201c\u00a0 Schirmen dann Wettbewerbe, XC, Tandem.<\/p>\n<p>Seit Ende der 90er steht der Spa\u00df am Fliegen im Vordergrund.<\/p>\n<p>Zumeist fliege ich im Stubai, im Herbst auch in den Dolomiten, Sella\/Marmolata, \u00a0Monte Piano\/Drei Zinnen oder Penserjoch, im Winter bei F\u00f6hn auf der Alpennordseite auch mal ein T\u00e4nzchen am Rosskopf in Sterzing (siehe Club-Archiv M\u00e4rz 2018J).<\/p>\n<p>Habe ab Oktober 2020 noch mehr Zeit zum Fliegen, 100+ Stunden im Jahr sollten es in Zukunft schon wieder werden.<\/p>\n<p>Fliegerische Ziele in den n\u00e4chsten Jahren:<\/p>\n<p>Weiterhin viel Spa\u00df bei (fast) jedem Flug, habe auch noch \u201eoffene Rechnungen\u201c aus Bergsteigerzeiten mit dem Ortler, dem Piz Bernina\/Biancograt und dem Aletschhorn zu begleichen- die will ich irgendwann noch von oben betrachten.<\/p>\n<\/div>\n<\/div>\n<\/div>\n<\/div>\n<\/div>\n<\/div>\n","protected":false},"excerpt":{"rendered":"<p>Paragleiter\/ Ozone DELTA 4 Erstflug:\u00a0 September 1986, 2500+ Fl\u00fcge Urspr\u00fcnglich als Abstiegshilfe gedacht, bald aber Hobby Nr. 1. Nach einem kurzen Abstecher zu den Drachen (darum beginnt mein SOPI mit &#8230; <a title=\"Rudi Leitner\" class=\"read-more\" href=\"https:\/\/jochdohlen.com\/?page_id=2545\" aria-label=\"Mehr Informationen \u00fcber Rudi Leitner\">Weiterlesen<\/a><\/p>\n","protected":false},"author":2,"featured_media":0,"parent":0,"menu_order":0,"comment_status":"closed","ping_status":"closed","template":"","meta":{"footnotes":""},"class_list":["post-2545","page","type-page","status-publish"],"_links":{"self":[{"href":"https:\/\/jochdohlen.com\/index.php?rest_route=\/wp\/v2\/pages\/2545","targetHints":{"allow":["GET"]}}],"collection":[{"href":"https:\/\/jochdohlen.com\/index.php?rest_route=\/wp\/v2\/pages"}],"about":[{"href":"https:\/\/jochdohlen.com\/index.php?rest_route=\/wp\/v2\/types\/page"}],"author":[{"embeddable":true,"href":"https:\/\/jochdohlen.com\/index.php?rest_route=\/wp\/v2\/users\/2"}],"replies":[{"embeddable":true,"href":"https:\/\/jochdohlen.com\/index.php?rest_route=%2Fwp%2Fv2%2Fcomments&post=2545"}],"version-history":[{"count":2,"href":"https:\/\/jochdohlen.com\/index.php?rest_route=\/wp\/v2\/pages\/2545\/revisions"}],"predecessor-version":[{"id":2548,"href":"https:\/\/jochdohlen.com\/index.php?rest_route=\/wp\/v2\/pages\/2545\/revisions\/2548"}],"wp:attachment":[{"href":"https:\/\/jochdohlen.com\/index.php?rest_route=%2Fwp%2Fv2%2Fmedia&parent=2545"}],"curies":[{"name":"wp","href":"https:\/\/api.w.org\/{rel}","templated":true}]}}