{"id":2645,"date":"2020-10-21T14:00:13","date_gmt":"2020-10-21T13:00:13","guid":{"rendered":"http:\/\/www.jochdohlen.com\/wordpress\/?page_id=2645"},"modified":"2020-10-21T14:01:58","modified_gmt":"2020-10-21T13:01:58","slug":"vereinsstatuten-der-stubaier-jochdohlen","status":"publish","type":"page","link":"https:\/\/jochdohlen.com\/?page_id=2645","title":{"rendered":"Vereinsstatuten der Stubaier Jochdohlen"},"content":{"rendered":"<div class=\"postbody\">\n<div class=\"content\"><span class=\"posthilit\">Statuten<\/span> des Vereins \u201eStubaier Jochdohlen\u201c<br \/>\n(vormals Gleitschirmclub Stubai)\u00a7 1: Name, Sitz und T\u00e4tigkeitsbereich<br \/>\nDer Verein f\u00fchrt den Namen \u201eStubaier Jochdohlen\u201c<br \/>\nEr hat seinen Sitz in Fulpmes und erstreckt seine T\u00e4tigkeit auf ganz \u00d6sterreich.<br \/>\nDie Errichtung von Zweigvereinen ist nicht beabsichtigt.<\/p>\n<p>\u00a7 2: Zweck<br \/>\nDer Verein, dessen T\u00e4tigkeit nicht auf Gewinn gerichtet ist, bezweckt<br \/>\n&#8211; die Vertretung der Interessen der Drachenflieger, Gleitschirmflieger und Modellbauflieger<br \/>\n&#8211; die Steigerung der Sicherheit durch Beratung und Schulung der Mitglieder<br \/>\n&#8211; die Durchf\u00fchrung von sportlichen Veranstaltungen (Freundschaftsfliegen, Wettbewerbe)<br \/>\n&#8211; die Pflege von geselligen Zusammenk\u00fcnften.<\/p>\n<p>\u00a7 3: Mittel zur Erreichung des Vereinszwecks<br \/>\n1)Der Vereinszweck soll durch die in den Abs. 2 und 3 angef\u00fchrten ideellen und materiellen Mittel erreicht<br \/>\nwerden.<br \/>\n2) Als ideelle Mittel dienen<br \/>\nVortr\u00e4ge und Versammlungen, gesellige Zusammenk\u00fcnfte und Diskussionsveranstaltungen.<br \/>\n3) Die erforderlichen materiellen Mittel sollen aufgebracht werden durch Beitrittsgeb\u00fchren und Mitgliedsbeitr\u00e4ge, Ertr\u00e4gnisse aus Veranstaltungen, Sponsoren, Spenden, Sammlungen, Verm\u00e4chtnisse und sonstige Zuwendungen<\/p>\n<p>\u00a7 4: Arten der Mitgliedschaft<br \/>\nDie Mitglieder des Vereins gliedern sich in ordentliche, au\u00dferordentliche und Ehrenmitglieder.<br \/>\nOrdentliche Mitglieder sind jene, die sich voll an der Vereinsarbeit beteiligen. Au\u00dferordentliche Mitglieder sind solche, die die Vereinst\u00e4tigkeit vor allem durch Zahlung eines erh\u00f6hten Mitgliedsbeitrags f\u00f6rdern. Ehrenmitglieder sind Personen, die hiezu wegen besonderer Verdienste um den Verein ernannt werden.<\/p>\n<p>\u00a7 5: Erwerb der Mitgliedschaft<br \/>\nMitglieder des Vereins k\u00f6nnen alle physischen Personen, sowie juristische Personen und rechtsf\u00e4hige Personengesellschaften werden.<br \/>\n\u00dcber die Aufnahme von ordentlichen und au\u00dferordentlichen Mitgliedern entscheidet der Vorstand. Die Aufnahme kann ohne Angabe von Gr\u00fcnden verweigert werden.<br \/>\nBis zur Entstehung des Vereins erfolgt die vorl\u00e4ufige Aufnahme von ordentlichen und au\u00dferordentlichen Mitgliedern durch die Vereinsgr\u00fcnder, im Fall eines bereits bestellten Vorstands durch diesen. Diese Mitgliedschaft wird erst mit Entstehung des Vereins wirksam. Wird ein Vorstand erst nach Entstehung des Vereins bestellt, erfolgt auch die (definitive) Aufnahme ordentlicher und au\u00dferordentlicher Mitglieder bis dahin durch die Gr\u00fcnder des Vereins.<br \/>\nDie Ernennung zum Ehrenmitglied erfolgt auf Antrag des Vorstands durch die Generalversammlung.<\/p>\n<p>\u00a7 6: Beendigung der Mitgliedschaft<br \/>\nDie Mitgliedschaft erlischt durch Tod, bei juristischen Personen und rechtsf\u00e4higen Personengesellschaften durch Verlust der Rechtspers\u00f6nlichkeit, durch freiwilligen Austritt und durch Ausschluss.<br \/>\nDer Austritt kann nur zum 31. Dezember jeden Jahres erfolgen. Er muss dem Vorstand mindestens ein. Monat vorher schriftlich mitgeteilt werden. Erfolgt die Anzeige versp\u00e4tet, so ist sie erst zum n\u00e4chsten Austrittstermin wirksam. F\u00fcr die Rechtzeitigkeit ist das Datum der Postaufgabe ma\u00dfgeblich.<br \/>\nDer Vorstand kann ein Mitglied ausschlie\u00dfen, wenn dieses trotz zweimaliger schriftlicher Mahnung unter Setzung einer angemessenen Nachfrist l\u00e4nger als sechs Monate mit der Zahlung der Mitgliedsbeitr\u00e4ge im R\u00fcckstand ist. Die Verpflichtung zur Zahlung der f\u00e4llig gewordenen Mitgliedsbeitr\u00e4ge bleibt hievon unber\u00fchrt.<br \/>\nDer Ausschluss eines Mitglieds aus dem Verein kann vom Vorstand auch wegen grober Verletzung anderer Mitgliedspflichten und wegen unehrenhaften Verhaltens verf\u00fcgt werden.<br \/>\nDie Aberkennung der Ehrenmitgliedschaft kann aus den im Abs. 4 genannten Gr\u00fcnden von der Generalversammlung \u00fcber Antrag des Vorstands beschlossen werden.<\/p>\n<p>\u00a7 7: Rechte und Pflichten der Mitglieder<br \/>\nDie Mitglieder sind berechtigt, an allen Veranstaltungen des Vereins teilzunehmen und die Einrichtungen des Vereins zu beanspruchen. Das Stimmrecht in der Generalversammlung sowie das aktive und passive Wahlrecht steht nur den ordentlichen und den Ehrenmitgliedern zu.<br \/>\nJedes Mitglied ist berechtigt, vom Vorstand die Ausfolgung der <span class=\"posthilit\">Statuten<\/span> zu verlangen.<br \/>\nMindestens ein Zehntel der Mitglieder kann vom Vorstand die Einberufung einer Generalversammlung verlangen.<br \/>\nDie Mitglieder sind in jeder Generalversammlung vom Vorstand \u00fcber die T\u00e4tigkeit und finanzielle Gebarung des Vereins zu informieren. Wenn mindestens ein Zehntel der Mitglieder dies unter Angabe von Gr\u00fcnden verlangt, hat der Vorstand den betreffenden Mitgliedern eine solche Information auch sonst binnen vier Wochen zu geben.<br \/>\nDie Mitglieder sind vom Vorstand \u00fcber den gepr\u00fcften Rechnungsabschluss (Rechnungslegung) zu informieren. Geschieht dies in der Generalversammlung, sind die Rechnungspr\u00fcfer einzubinden.<br \/>\nDie Mitglieder sind verpflichtet, die Interessen des Vereins nach Kr\u00e4ften zu f\u00f6rdern und alles zu unterlassen, wodurch das Ansehen und der Zweck des Vereins Abbruch erleiden k\u00f6nnte. Sie haben die Vereinsstatuten und die Beschl\u00fcsse der Vereinsorgane zu beachten. Die ordentlichen und au\u00dferordentlichen Mitglieder sind zur p\u00fcnktlichen Zahlung der Beitrittsgeb\u00fchr und der Mitgliedsbeitr\u00e4ge in der von der Generalversammlung beschlossenen H\u00f6he verpflichtet.<\/p>\n<p>\u00a7 8: Vereinsorgane<br \/>\nOrgane des Vereins sind die Generalversammlung (\u00a7\u00a7 9 und 10), der Vorstand (\u00a7\u00a7 11 bis 13), die Rechnungspr\u00fcfer (\u00a7 14) und das Schiedsgericht (\u00a7 15).<\/p>\n<p>\u00a7 9: Generalversammlung<br \/>\nDie Generalversammlung ist die \u201eMitgliederversammlung\u201c im Sinne des Vereinsgesetzes 2002.<br \/>\nEine ordentliche Generalversammlung findet alle vier Jahre statt.<br \/>\nEine au\u00dferordentliche Generalversammlung findet auf Beschluss des Vorstands oder der ordentlichen Generalversammlung, schriftlichen Antrag von mindestens einem Zehntel der Mitglieder, Verlangen der Rechnungspr\u00fcfer (\u00a7 21 Abs. 5 erster Satz VereinsG), Beschluss der\/eines Rechnungspr\u00fcfer\/s (\u00a7 21 Abs. 5 zweiter Satz VereinsG, \u00a7 11 Abs. 2 dritter Satz dieser <span class=\"posthilit\">Statuten<\/span>), Beschluss eines gerichtlich bestellten Kurators (\u00a7 11 Abs. 2 letzter Satz dieser <span class=\"posthilit\">Statuten<\/span>) binnen vier Wochen statt.<br \/>\nSowohl zu den ordentlichen wie auch zu den au\u00dferordentlichen Generalversammlungen sind alle Mitglieder mindestens zwei Wochen vor dem Termin schriftlich, mittels Telefax oder per E-Mail (an die vom Mitglied dem Verein bekanntgegebene Fax-Nummer oder E-Mail-Adresse) einzuladen. Die Anberaumung der Generalversammlung hat unter Angabe der Tagesordnung zu erfolgen. Die Einberufung erfolgt durch den Vorstand (Abs. 1 und Abs. 2 lit. a &#8211; c), durch die\/einen Rechnungspr\u00fcfer (Abs. 2 lit. d) oder durch einen gerichtlich bestellten Kurator (Abs. 2 lit. d).<br \/>\nAntr\u00e4ge zur Generalversammlung sind mindestens drei Tage vor dem Termin der Generalversammlung beim Vorstand schriftlich, mittels Telefax oder per E-Mail einzureichen.<br \/>\nG\u00fcltige Beschl\u00fcsse &#8211; ausgenommen solche \u00fcber einen Antrag auf Einberufung einer au\u00dferordentlichen Generalversammlung &#8211; k\u00f6nnen nur zur Tagesordnung gefasst werden.<br \/>\nBei der Generalversammlung sind alle Mitglieder teilnahmeberechtigt. Stimmberechtigt sind nur die ordentlichen und die Ehrenmitglieder. Jedes Mitglied hat eine Stimme. Die \u00dcbertragung des Stimmrechts auf ein anderes Mitglied im Wege einer schriftlichen Bevollm\u00e4chtigung ist zul\u00e4ssig.<br \/>\nDie Generalversammlung ist ohne R\u00fccksicht auf die Anzahl der Erschienenen beschlussf\u00e4hig.<br \/>\nDie Wahlen und die Beschlussfassungen in der Generalversammlung erfolgen in der Regel mit einfacher Mehrheit der abgegebenen g\u00fcltigen Stimmen. Beschl\u00fcsse, mit denen das Statut des Vereins ge\u00e4ndert oder der Verein aufgel\u00f6st werden soll, bed\u00fcrfen jedoch einer qualifizierten Mehrheit von zwei Dritteln der abgegebenen g\u00fcltigen Stimmen. Den Vorsitz in der Generalversammlung f\u00fchrt der\/die Obmann\/Obfrau, in dessen\/deren Verhinderung sein\/e\/ihr\/e Stellvertreter\/in. Wenn auch diese\/r verhindert ist, so f\u00fchrt das an Jahren \u00e4lteste anwesende Vorstandsmitglied den Vorsitz.<\/p>\n<p>\u00a7 10: Aufgaben der Generalversammlung<br \/>\nDer Generalversammlung sind folgende Aufgaben vorbehalten:<br \/>\nBeschlussfassung \u00fcber den Voranschlag;<br \/>\nEntgegennahme und Genehmigung des Rechenschaftsberichts und des Rechnungsabschlusses unter Einbindung der Rechnungspr\u00fcfer; Wahl und Enthebung der Mitglieder des Vorstands und der Rechnungspr\u00fcfer;<br \/>\nGenehmigung von Rechtsgesch\u00e4ften zwischen Rechnungspr\u00fcfern und Verein; Entlastung des Vorstands;<br \/>\nFestsetzung der H\u00f6he der Beitrittsgeb\u00fchr und der Mitgliedsbeitr\u00e4ge f\u00fcr ordentliche und f\u00fcr au\u00dferordentliche Mitglieder; Verleihung und Aberkennung der Ehrenmitgliedschaft;<br \/>\nBeschlussfassung \u00fcber <span class=\"posthilit\">Statuten<\/span>\u00e4nderungen und die freiwillige Aufl\u00f6sung des Vereins;<br \/>\nBeratung und Beschlussfassung \u00fcber sonstige auf der Tagesordnung stehende Fragen.<\/p>\n<p>\u00a7 11: Vorstand<br \/>\nDer Vorstand besteht aus sechs Mitgliedern, und zwar aus Obmann und Stellvertreter, Schriftf\u00fchrer und<br \/>\nStellvertreter sowie Kassier und Stellvertreter.<br \/>\nDer Vorstand wird von der Generalversammlung gew\u00e4hlt. Der Vorstand hat bei Ausscheiden eines gew\u00e4hlten Mitglieds das Recht, an seine Stelle ein anderes w\u00e4hlbares Mitglied zu kooptieren, wozu die nachtr\u00e4gliche Genehmigung in der n\u00e4chstfolgenden Generalversammlung einzuholen ist. F\u00e4llt der Vorstand ohne Selbsterg\u00e4nzung durch Kooptierung \u00fcberhaupt oder auf unvorhersehbar lange Zeit aus, so ist jeder Rechnungspr\u00fcfer verpflichtet, unverz\u00fcglich eine au\u00dferordentliche Generalversammlung zum Zweck der Neuwahl eines Vorstands einzuberufen. Sollten auch die Rechnungspr\u00fcfer handlungsunf\u00e4hig sein, hat jedes ordentliche Mitglied, das die Notsituation erkennt, unverz\u00fcglich die Bestellung eines Kurators beim zust\u00e4ndigen Gericht zu beantragen, der umgehend eine au\u00dferordentliche Generalversammlung einzuberufen hat.<br \/>\nDie Funktionsperiode des Vorstands betr\u00e4gt vier Jahre; Wiederwahl ist m\u00f6glich.<br \/>\nJede Funktion im Vorstand ist pers\u00f6nlich auszu\u00fcben.<br \/>\nDer Vorstand wird vom Obmann\/von der Obfrau, bei Verhinderung von seinem\/seiner\/ihrem\/ihrer Stellvertreter\/in, schriftlich oder m\u00fcndlich einberufen. Ist auch diese\/r auf unvorhersehbar lange Zeit verhindert, darf jedes sonstige Vorstandsmitglied den Vorstand einberufen.<br \/>\nDer Vorstand ist beschlussf\u00e4hig, wenn alle seine Mitglieder eingeladen wurden und mindestens die H\u00e4lfte von ihnen anwesend ist.<br \/>\nDer Vorstand fasst seine Beschl\u00fcsse mit einfacher Stimmenmehrheit; bei Stimmengleichheit gibt die Stimme des Vorsitzenden den Ausschlag.<br \/>\nDen Vorsitz f\u00fchrt der Obmann, bei Verhinderung sein Stellvertreter. Ist auch diesr verhindert, obliegt der Vorsitz dem an Jahren \u00e4ltesten anwesenden Vorstandsmitglied oder jenem Vorstandsmitglied, das die \u00fcbrigen Vorstandsmitglieder mehrheitlich dazu bestimmen.<br \/>\nAu\u00dfer durch den Tod und Ablauf der Funktionsperiode (Abs. 3) erlischt die Funktion eines Vorstandsmitglieds durch Enthebung (Abs. 9) und R\u00fccktritt (Abs. 10).<br \/>\nDie Generalversammlung kann jederzeit den gesamten Vorstand oder einzelne seiner Mitglieder entheben. Die Enthebung tritt mit Bestellung des neuen Vorstands bzw Vorstandsmitglieds in Kraft.<br \/>\nDie Vorstandsmitglieder k\u00f6nnen jederzeit schriftlich ihren R\u00fccktritt erkl\u00e4ren. Die R\u00fccktrittserkl\u00e4rung ist an den Vorstand, im Falle des R\u00fccktritts des gesamten Vorstands an die Generalversammlung zu richten. Der R\u00fccktritt wird erst mit Wahl bzw Kooptierung (Abs. 2) eines Nachfolgers wirksam.<\/p>\n<p>\u00a7 12: Aufgaben des Vorstands<br \/>\nDem Vorstand obliegt die Leitung des Vereins. Er ist das \u201eLeitungsorgan\u201c im Sinne des Vereinsgesetzes 2002. Ihm kommen alle Aufgaben zu, die nicht durch die <span class=\"posthilit\">Statuten<\/span> einem anderen Vereinsorgan zugewiesen sind. In seinen Wirkungsbereich fallen insbesondere folgende Angelegenheiten:<br \/>\nEinrichtung eines den Anforderungen des Vereins entsprechenden Rechnungswesens mit laufender Aufzeichnung der Einnahmen\/Ausgaben und F\u00fchrung eines Verm\u00f6gensverzeichnisses als Mindesterfordernis;<br \/>\nErstellung des Jahresvoranschlags, des Rechenschaftsberichts und des Rechnungsabschlusses;<br \/>\nVorbereitung und Einberufung der Generalversammlung in den F\u00e4llen des \u00a7 9 Abs. 1 und Abs. 2 lit. a &#8211; c dieser <span class=\"posthilit\">Statuten<\/span>;<br \/>\nInformation der Vereinsmitglieder \u00fcber die Vereinst\u00e4tigkeit, die Vereinsgebarung und den gepr\u00fcften Rechnungsabschluss;<br \/>\nVerwaltung des Vereinsverm\u00f6gens;<br \/>\nAufnahme und Ausschluss von ordentlichen und au\u00dferordentlichen Vereinsmitgliedern;<br \/>\nAufnahme und K\u00fcndigung von Angestellten des Vereins.<\/p>\n<p>\u00a7 13: Besondere Obliegenheiten einzelner Vorstandsmitglieder<br \/>\nDer Obmann f\u00fchrt die laufenden Gesch\u00e4fte des Vereins. Der Schriftf\u00fchrer unterst\u00fctzt den Obmann bei der F\u00fchrung der Vereinsgesch\u00e4fte.<br \/>\nDer Obmann vertritt den Verein nach au\u00dfen. Schriftliche Ausfertigungen des Vereins bed\u00fcrfen zu ihrer G\u00fcltigkeit der Unterschriften des Obmanns und des Schriftf\u00fchrers, in Geldangelegenheiten (Verm\u00f6genswerte, Dispositionen) des Obmanns und des Kassiers. Rechtsgesch\u00e4fte zwischen Vorstandsmitgliedern und Verein bed\u00fcrfen der Zustimmung eines anderen Vorstandsmitglieds.<br \/>\nRechtsgesch\u00e4ftliche Bevollm\u00e4chtigungen, den Verein nach au\u00dfen zu vertreten bzw. f\u00fcr ihn zu zeichnen, k\u00f6nnen ausschlie\u00dflich von den in Abs. 2 genannten Vorstandsmitgliedern erteilt werden.<br \/>\nBei Gefahr im Verzug ist der Obmann berechtigt, auch in Angelegenheiten, die in den Wirkungsbereich der Generalversammlung oder des Vorstands fallen, unter eigener Verantwortung selbst\u00e4ndig Anordnungen zu treffen; im Innenverh\u00e4ltnis bed\u00fcrfen diese jedoch der nachtr\u00e4glichen Genehmigung durch das zust\u00e4ndige Vereinsorgan.<br \/>\nDer Obmann f\u00fchrt den Vorsitz in der Generalversammlung und im Vorstand.<br \/>\nDer Schriftf\u00fchrer f\u00fchrt die Protokolle der Generalversammlung und des Vorstands.<br \/>\nDer Kassier ist f\u00fcr die ordnungsgem\u00e4\u00dfe Geldgebarung des Vereins verantwortlich.<br \/>\nIm Fall der Verhinderung treten an die Stelle des Obmanns, des Schriftf\u00fchrers oder des Kassiers ihre Stellvertreter.<\/p>\n<p>\u00a7 14: Rechnungspr\u00fcfer<br \/>\nZwei Rechnungspr\u00fcfer werden von der Generalversammlung auf die Dauer von vier Jahren gew\u00e4hlt.<br \/>\nWiederwahl ist m\u00f6glich. Die Rechnungspr\u00fcfer d\u00fcrfen keinem Organ &#8211; mit Ausnahme der<br \/>\nGeneralversammlung &#8211; angeh\u00f6ren, dessen T\u00e4tigkeit Gegenstand der Pr\u00fcfung ist.<br \/>\nDen Rechnungspr\u00fcfern obliegt die laufende Gesch\u00e4ftskontrolle sowie die Pr\u00fcfung der Finanzgebarung des Vereins im Hinblick auf die Ordnungsm\u00e4\u00dfigkeit der Rechnungslegung und die statutengem\u00e4\u00dfe Verwendung der Mittel. Der Vorstand hat den Rechnungspr\u00fcfern die erforderlichen Unterlagen vorzulegen und die erforderlichen Ausk\u00fcnfte zu erteilen. Die Rechnungspr\u00fcfer haben dem Vorstand \u00fcber das Ergebnis der Pr\u00fcfung zu berichten.<br \/>\nRechtsgesch\u00e4fte zwischen Rechnungspr\u00fcfern und Verein bed\u00fcrfen der Genehmigung durch die Generalversammlung . Im \u00dcbrigen gelten f\u00fcr die Rechnungspr\u00fcfer die Bestimmungen des \u00a7 11 Abs. 8 bis 10 sinngem\u00e4\u00df.<\/p>\n<p>\u00a7 15: Schiedsgericht<br \/>\nZur Schlichtung von allen aus dem Vereinsverh\u00e4ltnis entstehenden Streitigkeiten ist das vereinsinterne Schiedsgericht berufen. Es ist eine \u201eSchlichtungseinrichtung\u201c im Sinne des Vereinsgesetzes 2002 und kein Schiedsgericht nach den \u00a7\u00a7 577 ff ZPO.<br \/>\nDas Schiedsgericht setzt sich aus drei ordentlichen Vereinsmitgliedern zusammen. Es wird derart gebildet, dass ein Streitteil dem Vorstand ein Mitglied als Schiedsrichter schriftlich namhaft macht. \u00dcber Aufforderung durch den Vorstand binnen sieben Tagen macht der andere Streitteil innerhalb von 14 Tagen seinerseits ein Mitglied des Schiedsgerichts namhaft. Nach Verst\u00e4ndigung durch den Vorstand innerhalb von sieben Tagen w\u00e4hlen die namhaft gemachten Schiedsrichter binnen weiterer 14 Tage ein drittes ordentliches Mitglied zum Vorsitzenden des Schiedsgerichts. Bei Stimmengleichheit entscheidet unter den Vorgeschlagenen das Los. Die Mitglieder des Schiedsgerichts d\u00fcrfen keinem Organ &#8211; mit Ausnahme der Generalversammlung &#8211; angeh\u00f6ren, dessen T\u00e4tigkeit Gegenstand der Streitigkeit ist.<br \/>\nDas Schiedsgericht f\u00e4llt seine Entscheidung nach Gew\u00e4hrung beiderseitigen Geh\u00f6rs bei Anwesenheit aller seiner Mitglieder mit einfacher Stimmenmehrheit. Es entscheidet nach bestem Wissen und Gewissen. Seine Entscheidungen sind vereinsintern endg\u00fcltig.<\/p>\n<p>\u00a7 16: Freiwillige Aufl\u00f6sung des Vereins<br \/>\nDie freiwillige Aufl\u00f6sung des Vereins kann nur in einer Generalversammlung und nur mit Zweidrittelmehrheit der abgegebenen g\u00fcltigen Stimmen beschlossen werden.<br \/>\nDiese Generalversammlung hat auch &#8211; sofern Vereinsverm\u00f6gen vorhanden ist &#8211; \u00fcber die Abwicklung zu beschlie\u00dfen. Insbesondere hat sie einen Abwickler zu berufen und Beschluss dar\u00fcber zu fassen, wem dieser das nach Abdeckung der Passiven verbleibende Vereinsverm\u00f6gen zu \u00fcbertragen hat. Dieses Verm\u00f6gen 14 soll, soweit dies m\u00f6glich und erlaubt ist, einer Organisation zufallen, die gleiche oder \u00e4hnliche Zwecke wie dieser Verein verfolgt, sonst Zwecken der Sozialhilfe.<\/p>\n<\/div>\n<\/div>\n","protected":false},"excerpt":{"rendered":"<p>Statuten des Vereins \u201eStubaier Jochdohlen\u201c (vormals Gleitschirmclub Stubai)\u00a7 1: Name, Sitz und T\u00e4tigkeitsbereich Der Verein f\u00fchrt den Namen \u201eStubaier Jochdohlen\u201c Er hat seinen Sitz in Fulpmes und erstreckt seine T\u00e4tigkeit &#8230; <a title=\"Vereinsstatuten der Stubaier Jochdohlen\" class=\"read-more\" href=\"https:\/\/jochdohlen.com\/?page_id=2645\" aria-label=\"Mehr Informationen \u00fcber Vereinsstatuten der Stubaier Jochdohlen\">Weiterlesen<\/a><\/p>\n","protected":false},"author":2,"featured_media":0,"parent":0,"menu_order":0,"comment_status":"closed","ping_status":"closed","template":"","meta":{"footnotes":""},"class_list":["post-2645","page","type-page","status-publish"],"_links":{"self":[{"href":"https:\/\/jochdohlen.com\/index.php?rest_route=\/wp\/v2\/pages\/2645","targetHints":{"allow":["GET"]}}],"collection":[{"href":"https:\/\/jochdohlen.com\/index.php?rest_route=\/wp\/v2\/pages"}],"about":[{"href":"https:\/\/jochdohlen.com\/index.php?rest_route=\/wp\/v2\/types\/page"}],"author":[{"embeddable":true,"href":"https:\/\/jochdohlen.com\/index.php?rest_route=\/wp\/v2\/users\/2"}],"replies":[{"embeddable":true,"href":"https:\/\/jochdohlen.com\/index.php?rest_route=%2Fwp%2Fv2%2Fcomments&post=2645"}],"version-history":[{"count":2,"href":"https:\/\/jochdohlen.com\/index.php?rest_route=\/wp\/v2\/pages\/2645\/revisions"}],"predecessor-version":[{"id":2648,"href":"https:\/\/jochdohlen.com\/index.php?rest_route=\/wp\/v2\/pages\/2645\/revisions\/2648"}],"wp:attachment":[{"href":"https:\/\/jochdohlen.com\/index.php?rest_route=%2Fwp%2Fv2%2Fmedia&parent=2645"}],"curies":[{"name":"wp","href":"https:\/\/api.w.org\/{rel}","templated":true}]}}