{"id":2725,"date":"2021-03-14T13:07:32","date_gmt":"2021-03-14T12:07:32","guid":{"rendered":"http:\/\/www.jochdohlen.com\/wordpress\/?page_id=2725"},"modified":"2021-03-14T14:17:55","modified_gmt":"2021-03-14T13:17:55","slug":"ferdinand-vogel","status":"publish","type":"page","link":"https:\/\/jochdohlen.com\/?page_id=2725","title":{"rendered":"Ferdinand Vogel"},"content":{"rendered":"<div id=\"pl-2725\"  class=\"panel-layout\" >\n<div id=\"pg-2725-0\"  class=\"panel-grid panel-no-style\" >\n<div id=\"pgc-2725-0-0\"  class=\"panel-grid-cell\"  data-weight=\"1\" >\n<div id=\"panel-2725-0-0-0\" class=\"so-panel widget widget_media_image panel-first-child\" data-index=\"0\" data-style=\"{&quot;background_image_attachment&quot;:false,&quot;background_display&quot;:&quot;tile&quot;}\" ><img fetchpriority=\"high\" decoding=\"async\" width=\"400\" height=\"500\" src=\"https:\/\/jochdohlen.com\/wp-content\/uploads\/2021\/03\/WhatsApp-Image-2021-03-14-at-14.15.37-400x500.jpeg\" class=\"image wp-image-2758  attachment-medium size-medium\" alt=\"\" style=\"max-width: 100%; height: auto;\" srcset=\"https:\/\/jochdohlen.com\/wp-content\/uploads\/2021\/03\/WhatsApp-Image-2021-03-14-at-14.15.37-400x500.jpeg 400w, https:\/\/jochdohlen.com\/wp-content\/uploads\/2021\/03\/WhatsApp-Image-2021-03-14-at-14.15.37-768x959.jpeg 768w, https:\/\/jochdohlen.com\/wp-content\/uploads\/2021\/03\/WhatsApp-Image-2021-03-14-at-14.15.37-820x1024.jpeg 820w, https:\/\/jochdohlen.com\/wp-content\/uploads\/2021\/03\/WhatsApp-Image-2021-03-14-at-14.15.37-624x780.jpeg 624w, https:\/\/jochdohlen.com\/wp-content\/uploads\/2021\/03\/WhatsApp-Image-2021-03-14-at-14.15.37.jpeg 1280w\" sizes=\"(max-width: 400px) 100vw, 400px\" \/><\/div>\n<div id=\"panel-2725-0-0-1\" class=\"so-panel widget widget_sow-editor panel-last-child\" data-index=\"1\" data-style=\"{&quot;background_display&quot;:&quot;tile&quot;}\" >\n<div class=\"so-widget-sow-editor so-widget-sow-editor-base\">\n<div class=\"siteorigin-widget-tinymce textwidget\">\n<p>Ferdinand Vogel<br \/>Paragleiter<\/p>\n<p>Seit 2005 darf ich der Fliegersucht\u00a0offiziell fr\u00f6nen. Zuvor verbrachte ich bereits viele Stunden mit den alten Schirmen meines Vaters, welcher bereits vor meiner Geburt mit dem Paragleiten angefangen hatte, am \u00dcbungshang in meiner Heimat rund um Stuttgart. Den Sopi erhielt ich in Andelsbuch bei der Flugschule Bregenzerwald.<br \/>Als Fluglehrer und Pr\u00fcfer f\u00fcr diverse Flugschulen und Testpilot bei NOVA habe ich meine Leidenschaft tats\u00e4chlich zum Beruf gemacht. Im Jahr 2013 gelang mir mein weitester Flug mit 274 km. Die meisten Erfahrungen habe ich aber als Wettbewerbspilot gesammelt. Am liebsten bin ich in neuen Fluggebieten Rund um den Globus unterwegs.<br \/>Die Flugfreude zu teilen macht unsere Erlebnisse erst so richtig vollkommen!<\/p>\n<\/div>\n<\/div>\n<\/div>\n<\/div>\n<\/div>\n<\/div>\n","protected":false},"excerpt":{"rendered":"<p>Ferdinand VogelParagleiter Seit 2005 darf ich der Fliegersucht\u00a0offiziell fr\u00f6nen. Zuvor verbrachte ich bereits viele Stunden mit den alten Schirmen meines Vaters, welcher bereits vor meiner Geburt mit dem Paragleiten angefangen &#8230; <a title=\"Ferdinand Vogel\" class=\"read-more\" href=\"https:\/\/jochdohlen.com\/?page_id=2725\" aria-label=\"Mehr Informationen \u00fcber Ferdinand Vogel\">Weiterlesen<\/a><\/p>\n","protected":false},"author":2,"featured_media":0,"parent":0,"menu_order":0,"comment_status":"closed","ping_status":"closed","template":"","meta":{"footnotes":""},"class_list":["post-2725","page","type-page","status-publish"],"_links":{"self":[{"href":"https:\/\/jochdohlen.com\/index.php?rest_route=\/wp\/v2\/pages\/2725","targetHints":{"allow":["GET"]}}],"collection":[{"href":"https:\/\/jochdohlen.com\/index.php?rest_route=\/wp\/v2\/pages"}],"about":[{"href":"https:\/\/jochdohlen.com\/index.php?rest_route=\/wp\/v2\/types\/page"}],"author":[{"embeddable":true,"href":"https:\/\/jochdohlen.com\/index.php?rest_route=\/wp\/v2\/users\/2"}],"replies":[{"embeddable":true,"href":"https:\/\/jochdohlen.com\/index.php?rest_route=%2Fwp%2Fv2%2Fcomments&post=2725"}],"version-history":[{"count":7,"href":"https:\/\/jochdohlen.com\/index.php?rest_route=\/wp\/v2\/pages\/2725\/revisions"}],"predecessor-version":[{"id":2760,"href":"https:\/\/jochdohlen.com\/index.php?rest_route=\/wp\/v2\/pages\/2725\/revisions\/2760"}],"wp:attachment":[{"href":"https:\/\/jochdohlen.com\/index.php?rest_route=%2Fwp%2Fv2%2Fmedia&parent=2725"}],"curies":[{"name":"wp","href":"https:\/\/api.w.org\/{rel}","templated":true}]}}