{"id":2736,"date":"2021-03-14T13:26:45","date_gmt":"2021-03-14T12:26:45","guid":{"rendered":"http:\/\/www.jochdohlen.com\/wordpress\/?page_id=2736"},"modified":"2021-03-14T13:46:32","modified_gmt":"2021-03-14T12:46:32","slug":"patrik-sieber","status":"publish","type":"page","link":"https:\/\/jochdohlen.com\/?page_id=2736","title":{"rendered":"Patrick Sieber"},"content":{"rendered":"<div id=\"pl-2736\"  class=\"panel-layout\" >\n<div id=\"pg-2736-0\"  class=\"panel-grid panel-no-style\" >\n<div id=\"pgc-2736-0-0\"  class=\"panel-grid-cell\"  data-weight=\"1\" >\n<div id=\"panel-2736-0-0-0\" class=\"so-panel widget widget_media_image panel-first-child\" data-index=\"0\" data-style=\"{&quot;background_display&quot;:&quot;tile&quot;}\" ><img fetchpriority=\"high\" decoding=\"async\" width=\"500\" height=\"298\" src=\"https:\/\/jochdohlen.com\/wp-content\/uploads\/2021\/03\/WhatsApp-Image-2021-03-14-at-11.17.52-500x298.jpeg\" class=\"image wp-image-2737  attachment-medium size-medium\" alt=\"\" style=\"max-width: 100%; height: auto;\" srcset=\"https:\/\/jochdohlen.com\/wp-content\/uploads\/2021\/03\/WhatsApp-Image-2021-03-14-at-11.17.52-500x298.jpeg 500w, https:\/\/jochdohlen.com\/wp-content\/uploads\/2021\/03\/WhatsApp-Image-2021-03-14-at-11.17.52-768x458.jpeg 768w, https:\/\/jochdohlen.com\/wp-content\/uploads\/2021\/03\/WhatsApp-Image-2021-03-14-at-11.17.52-1024x611.jpeg 1024w, https:\/\/jochdohlen.com\/wp-content\/uploads\/2021\/03\/WhatsApp-Image-2021-03-14-at-11.17.52-624x372.jpeg 624w, https:\/\/jochdohlen.com\/wp-content\/uploads\/2021\/03\/WhatsApp-Image-2021-03-14-at-11.17.52.jpeg 1600w\" sizes=\"(max-width: 500px) 100vw, 500px\" \/><\/div>\n<div id=\"panel-2736-0-0-1\" class=\"so-panel widget widget_text panel-last-child\" data-index=\"1\" data-style=\"{&quot;background_display&quot;:&quot;tile&quot;}\" >\n<div class=\"textwidget\">\n<p>Patrick Sieber<br \/>\nParagleiter<\/p>\n<p>Durch meine Eltern. Die haben bereits 1992 mit dem Fliegen angefangen und haben mich schon als Kind immer mitgenommen. Erst nach dem 3. Tandemflug mit meinem Papa hats mich dann aber wirklich angefixt es selbst zu versuchen. Nach dem gemeinsamen Flug haben wir uns dann direkt auf die n\u00e4chste Wiese begeben und ich durfte im Talwind meine ersten Groundhandling Erfahrungen unter seinem Schirm sammeln.<\/p>\n<p>Begonnen habe ich 2004. Meinen A-Schein habe ich jedoch bei der Flugschule Oase im Allg\u00e4u gemacht.<br \/>\nIch fliege \u00fcberall wo es nur geht. Das Stubai ist nat\u00fcrlich unser Wohnzimmer und hier bin ich am meisten zu finden &#x1f642; Die Pyren\u00e4en haben es mir auch besonders angetan &#x1f61b;<br \/>\nFliegerisch zwar vielleicht gar nicht so spektakul\u00e4r, aber mein sch\u00f6nstes Erlebnis war ein kleiner Rundflug \u00fcber das Vinschgau wo ich als kleines Kind sehr, sehr oft mit meinen Eltern war und immer von unten zuschauen musste. Das alles das erste mal selbst von oben zu sehen war eines der sch\u00f6nsten Dinge die ich jemals erleben durfte.<br \/>\nMein weitester Flug: ca. 220 km FAI vom Wank<br \/>\nMein h\u00f6chster Flug: knapp 4.600m<br \/>\nIch versuche auf die 200h im Jahr zu kommen &#x1f61b;<\/p>\n<p>Hike and Fly! Meine absolute Lieblingsbesch\u00e4ftigung. Irgendwo an einem Punkt zu starten wo man sonst nicht hinkommt oder auch einfach der sportliche Aspekt machen es f\u00fcr mich unersetzlich! Verbunden mit einem XC Flug ist es sogar das absolute Hochgef\u00fchl &#x1f642;<\/p>\n<p>Hike&amp;Fly Wettbewerbe sind nat\u00fcrlich auch ein gro\u00dfes Thema f\u00fcr mich. Ob X-Pyr, Bordairrace oder Eigentour\u2026sie faszinieren mich nicht nur, sondern ab und zu muss ich auch einfach mitmachen &#x1f61b;<\/p>\n<\/div><\/div>\n<\/div>\n<\/div>\n<\/div>\n","protected":false},"excerpt":{"rendered":"<p>Patrick Sieber Paragleiter Durch meine Eltern. Die haben bereits 1992 mit dem Fliegen angefangen und haben mich schon als Kind immer mitgenommen. Erst nach dem 3. Tandemflug mit meinem Papa &#8230; <a title=\"Patrick Sieber\" class=\"read-more\" href=\"https:\/\/jochdohlen.com\/?page_id=2736\" aria-label=\"Mehr Informationen \u00fcber Patrick Sieber\">Weiterlesen<\/a><\/p>\n","protected":false},"author":2,"featured_media":0,"parent":0,"menu_order":0,"comment_status":"closed","ping_status":"closed","template":"","meta":{"footnotes":""},"class_list":["post-2736","page","type-page","status-publish"],"_links":{"self":[{"href":"https:\/\/jochdohlen.com\/index.php?rest_route=\/wp\/v2\/pages\/2736","targetHints":{"allow":["GET"]}}],"collection":[{"href":"https:\/\/jochdohlen.com\/index.php?rest_route=\/wp\/v2\/pages"}],"about":[{"href":"https:\/\/jochdohlen.com\/index.php?rest_route=\/wp\/v2\/types\/page"}],"author":[{"embeddable":true,"href":"https:\/\/jochdohlen.com\/index.php?rest_route=\/wp\/v2\/users\/2"}],"replies":[{"embeddable":true,"href":"https:\/\/jochdohlen.com\/index.php?rest_route=%2Fwp%2Fv2%2Fcomments&post=2736"}],"version-history":[{"count":7,"href":"https:\/\/jochdohlen.com\/index.php?rest_route=\/wp\/v2\/pages\/2736\/revisions"}],"predecessor-version":[{"id":2747,"href":"https:\/\/jochdohlen.com\/index.php?rest_route=\/wp\/v2\/pages\/2736\/revisions\/2747"}],"wp:attachment":[{"href":"https:\/\/jochdohlen.com\/index.php?rest_route=%2Fwp%2Fv2%2Fmedia&parent=2736"}],"curies":[{"name":"wp","href":"https:\/\/api.w.org\/{rel}","templated":true}]}}