{"id":2763,"date":"2021-03-15T19:31:57","date_gmt":"2021-03-15T18:31:57","guid":{"rendered":"http:\/\/www.jochdohlen.com\/wordpress\/?page_id=2763"},"modified":"2021-03-15T19:33:36","modified_gmt":"2021-03-15T18:33:36","slug":"paul-neier","status":"publish","type":"page","link":"https:\/\/jochdohlen.com\/?page_id=2763","title":{"rendered":"Paul Neier"},"content":{"rendered":"<div id=\"pl-2763\"  class=\"panel-layout\" >\n<div id=\"pg-2763-0\"  class=\"panel-grid panel-no-style\" >\n<div id=\"pgc-2763-0-0\"  class=\"panel-grid-cell\"  data-weight=\"1\" >\n<div id=\"panel-2763-0-0-0\" class=\"so-panel widget widget_media_image panel-first-child\" data-index=\"0\" data-style=\"{&quot;background_display&quot;:&quot;tile&quot;}\" ><img fetchpriority=\"high\" decoding=\"async\" width=\"500\" height=\"500\" src=\"https:\/\/jochdohlen.com\/wp-content\/uploads\/2021\/03\/WhatsApp-Image-2021-03-15-at-10.28.48-500x500.jpeg\" class=\"image wp-image-2762  attachment-medium size-medium\" alt=\"\" style=\"max-width: 100%; height: auto;\" srcset=\"https:\/\/jochdohlen.com\/wp-content\/uploads\/2021\/03\/WhatsApp-Image-2021-03-15-at-10.28.48-500x500.jpeg 500w, https:\/\/jochdohlen.com\/wp-content\/uploads\/2021\/03\/WhatsApp-Image-2021-03-15-at-10.28.48-150x150.jpeg 150w, https:\/\/jochdohlen.com\/wp-content\/uploads\/2021\/03\/WhatsApp-Image-2021-03-15-at-10.28.48-768x768.jpeg 768w, https:\/\/jochdohlen.com\/wp-content\/uploads\/2021\/03\/WhatsApp-Image-2021-03-15-at-10.28.48-1024x1024.jpeg 1024w, https:\/\/jochdohlen.com\/wp-content\/uploads\/2021\/03\/WhatsApp-Image-2021-03-15-at-10.28.48-624x624.jpeg 624w, https:\/\/jochdohlen.com\/wp-content\/uploads\/2021\/03\/WhatsApp-Image-2021-03-15-at-10.28.48.jpeg 1600w\" sizes=\"(max-width: 500px) 100vw, 500px\" \/><\/div>\n<div id=\"panel-2763-0-0-1\" class=\"so-panel widget widget_text panel-last-child\" data-index=\"1\" data-style=\"{&quot;background_image_attachment&quot;:false,&quot;background_display&quot;:&quot;tile&quot;}\" >\n<div class=\"textwidget\">\n<p>Paul Neier<br \/>\nParagleiter<\/p>\n<p>Die Faszination f\u00fcrs Fliegen entwickelte ich schon als Kind.<br \/>\nJahrelanger Modellbau (Hangsegeln, Kunstflug mit Fl\u00e4che und Helis, FPV, Multicoper usw.)<br \/>\ngefolgt von ein paar Jahren Segelfliegen in Innsbruck.<br \/>\nWirklich zur Leidenschaft wurde das Fliegen f\u00fcr mich aber erst 2017 bei einem Tandemflug mit Michl.<br \/>\nEine Woche sp\u00e4ter sa\u00df ich in der Wildsch\u00f6nau im Kurs und die Fliegerei begann so richtig!<br \/>\nIn den folgenden dreieinhalb Jahren waren es 1000 Fl\u00fcge, 9 Schirme, 5 Sicherheitstrainings und vor allem viele tolle Bekanntschaften.<br \/>\nHeute fliege ich Acro und geh auch gerne auf Strecke. Nur zum Hiken bin ich etwas zu faul.<\/p>\n<p>Da nun meine Freundin mit dem Fliegen angefangen hat, freuen wir uns schon auf viele gemeinsame Fl\u00fcge hier im Stubai und \u00fcberall sonst.<\/p>\n<\/div><\/div>\n<\/div>\n<\/div>\n<\/div>\n","protected":false},"excerpt":{"rendered":"<p>Paul Neier Paragleiter Die Faszination f\u00fcrs Fliegen entwickelte ich schon als Kind. Jahrelanger Modellbau (Hangsegeln, Kunstflug mit Fl\u00e4che und Helis, FPV, Multicoper usw.) gefolgt von ein paar Jahren Segelfliegen in &#8230; <a title=\"Paul Neier\" class=\"read-more\" href=\"https:\/\/jochdohlen.com\/?page_id=2763\" aria-label=\"Mehr Informationen \u00fcber Paul Neier\">Weiterlesen<\/a><\/p>\n","protected":false},"author":2,"featured_media":0,"parent":0,"menu_order":0,"comment_status":"closed","ping_status":"closed","template":"","meta":{"footnotes":""},"class_list":["post-2763","page","type-page","status-publish"],"_links":{"self":[{"href":"https:\/\/jochdohlen.com\/index.php?rest_route=\/wp\/v2\/pages\/2763","targetHints":{"allow":["GET"]}}],"collection":[{"href":"https:\/\/jochdohlen.com\/index.php?rest_route=\/wp\/v2\/pages"}],"about":[{"href":"https:\/\/jochdohlen.com\/index.php?rest_route=\/wp\/v2\/types\/page"}],"author":[{"embeddable":true,"href":"https:\/\/jochdohlen.com\/index.php?rest_route=\/wp\/v2\/users\/2"}],"replies":[{"embeddable":true,"href":"https:\/\/jochdohlen.com\/index.php?rest_route=%2Fwp%2Fv2%2Fcomments&post=2763"}],"version-history":[{"count":6,"href":"https:\/\/jochdohlen.com\/index.php?rest_route=\/wp\/v2\/pages\/2763\/revisions"}],"predecessor-version":[{"id":2769,"href":"https:\/\/jochdohlen.com\/index.php?rest_route=\/wp\/v2\/pages\/2763\/revisions\/2769"}],"wp:attachment":[{"href":"https:\/\/jochdohlen.com\/index.php?rest_route=%2Fwp%2Fv2%2Fmedia&parent=2763"}],"curies":[{"name":"wp","href":"https:\/\/api.w.org\/{rel}","templated":true}]}}