{"id":2779,"date":"2021-03-16T19:05:26","date_gmt":"2021-03-16T18:05:26","guid":{"rendered":"http:\/\/www.jochdohlen.com\/wordpress\/?page_id=2779"},"modified":"2021-03-16T19:06:31","modified_gmt":"2021-03-16T18:06:31","slug":"philip-kantner","status":"publish","type":"page","link":"https:\/\/jochdohlen.com\/?page_id=2779","title":{"rendered":"Philip Kantner"},"content":{"rendered":"<div id=\"pl-2779\"  class=\"panel-layout\" >\n<div id=\"pg-2779-0\"  class=\"panel-grid panel-no-style\" >\n<div id=\"pgc-2779-0-0\"  class=\"panel-grid-cell\"  data-weight=\"1\" >\n<div id=\"panel-2779-0-0-0\" class=\"so-panel widget widget_media_image panel-first-child\" data-index=\"0\" data-style=\"{&quot;background_display&quot;:&quot;tile&quot;}\" ><img fetchpriority=\"high\" decoding=\"async\" width=\"375\" height=\"500\" src=\"https:\/\/jochdohlen.com\/wp-content\/uploads\/2021\/03\/IMG_4797-375x500.jpg\" class=\"image wp-image-2778  attachment-medium size-medium\" alt=\"\" style=\"max-width: 100%; height: auto;\" srcset=\"https:\/\/jochdohlen.com\/wp-content\/uploads\/2021\/03\/IMG_4797-375x500.jpg 375w, https:\/\/jochdohlen.com\/wp-content\/uploads\/2021\/03\/IMG_4797.jpg 480w\" sizes=\"(max-width: 375px) 100vw, 375px\" \/><\/div>\n<div id=\"panel-2779-0-0-1\" class=\"so-panel widget widget_text panel-last-child\" data-index=\"1\" data-style=\"{&quot;background_image_attachment&quot;:false,&quot;background_display&quot;:&quot;tile&quot;}\" >\n<div class=\"textwidget\">\n<p>Philip Kantner<br \/>\nParagleiter<\/p>\n<p>Die Leidenschaft zum Gleitschirmfliegen, entwickelte sich aus meiner Ambition zum Alpinismus. Immer wieder stand ich auf Berggipfeln und schaute dabei zu, wie ein paar Jungs ihre Gleitschirme auspackten und sich den Abstieg deutlich erleichtert haben, w\u00e4hrend ich noch einige Stunden mit dem Abstieg besch\u00e4ftigt war. Einmal war ich am Habicht und erlebte wieder das gleiche Szenario &#8211; 3 Typen packten ihre Gleitschirme aus und starteten eindrucksvoll in den Sonnenaufgang. Von diesem Tag an war es geschehen, und 14 Tage darauf stand ich bereits am \u00dcbungshang in Fulpmes, und absolvierte meine Theoriepr\u00fcfung sowie bald darauf die Praktische Pr\u00fcfung bei der Flugschule Parafly in Neustift. Seit dem Abschluss meiner Ausbildung im Mai 2020, war ich jede freie Minute im Stubaital am Fliegen oder auch h\u00e4ufig nur am Groundhandeln &#8211; was mir mein Leben am Startplatz um einiges erleichtert hat.<\/p>\n<p>Hike and Fly bedeutet f\u00fcr mich die gr\u00f6\u00dfte Form an Freiheit zu genie\u00dfen, aber auch auf den Geschmack vom Streckenfliegen bin ich nicht sp\u00e4t gekommen, und so starte ich heuer in meine erste XC- Saison. Mein sch\u00f6nstes Erlebnis war heuer einer meiner ersten Streckenfl\u00fcge bis zum Stubaier Gletscher, welcher nach einem \u00dcberflug der Serles am Landeplatz in Fulpmes endete.<\/p>\n<p>Mich fasziniert jeder Flug aufs Neue, sei es der sportliche Abgleiter in den Sonnenuntergang, die morgendliche Stimmung beim Hike and Fly oder der erste 3 Stunden Flug \u00fcber s\u00e4mtliche Gipfel hinweg.<\/p>\n<\/div><\/div>\n<\/div>\n<\/div>\n<\/div>\n","protected":false},"excerpt":{"rendered":"<p>Philip Kantner Paragleiter Die Leidenschaft zum Gleitschirmfliegen, entwickelte sich aus meiner Ambition zum Alpinismus. Immer wieder stand ich auf Berggipfeln und schaute dabei zu, wie ein paar Jungs ihre Gleitschirme &#8230; <a title=\"Philip Kantner\" class=\"read-more\" href=\"https:\/\/jochdohlen.com\/?page_id=2779\" aria-label=\"Mehr Informationen \u00fcber Philip Kantner\">Weiterlesen<\/a><\/p>\n","protected":false},"author":2,"featured_media":0,"parent":0,"menu_order":0,"comment_status":"closed","ping_status":"closed","template":"","meta":{"footnotes":""},"class_list":["post-2779","page","type-page","status-publish"],"_links":{"self":[{"href":"https:\/\/jochdohlen.com\/index.php?rest_route=\/wp\/v2\/pages\/2779","targetHints":{"allow":["GET"]}}],"collection":[{"href":"https:\/\/jochdohlen.com\/index.php?rest_route=\/wp\/v2\/pages"}],"about":[{"href":"https:\/\/jochdohlen.com\/index.php?rest_route=\/wp\/v2\/types\/page"}],"author":[{"embeddable":true,"href":"https:\/\/jochdohlen.com\/index.php?rest_route=\/wp\/v2\/users\/2"}],"replies":[{"embeddable":true,"href":"https:\/\/jochdohlen.com\/index.php?rest_route=%2Fwp%2Fv2%2Fcomments&post=2779"}],"version-history":[{"count":4,"href":"https:\/\/jochdohlen.com\/index.php?rest_route=\/wp\/v2\/pages\/2779\/revisions"}],"predecessor-version":[{"id":2783,"href":"https:\/\/jochdohlen.com\/index.php?rest_route=\/wp\/v2\/pages\/2779\/revisions\/2783"}],"wp:attachment":[{"href":"https:\/\/jochdohlen.com\/index.php?rest_route=%2Fwp%2Fv2%2Fmedia&parent=2779"}],"curies":[{"name":"wp","href":"https:\/\/api.w.org\/{rel}","templated":true}]}}