{"id":2796,"date":"2021-03-28T16:49:45","date_gmt":"2021-03-28T15:49:45","guid":{"rendered":"http:\/\/www.jochdohlen.com\/wordpress\/?page_id=2796"},"modified":"2021-03-28T16:50:25","modified_gmt":"2021-03-28T15:50:25","slug":"robert-schwaiger","status":"publish","type":"page","link":"https:\/\/jochdohlen.com\/?page_id=2796","title":{"rendered":"Robert Schwaiger"},"content":{"rendered":"<div id=\"pl-2796\"  class=\"panel-layout\" >\n<div id=\"pg-2796-0\"  class=\"panel-grid panel-no-style\" >\n<div id=\"pgc-2796-0-0\"  class=\"panel-grid-cell\"  data-weight=\"1\" >\n<div id=\"panel-2796-0-0-0\" class=\"so-panel widget widget_media_image panel-first-child\" data-index=\"0\" data-style=\"{&quot;background_display&quot;:&quot;tile&quot;}\" ><img decoding=\"async\" width=\"129\" height=\"163\" src=\"https:\/\/jochdohlen.com\/wp-content\/uploads\/2021\/03\/Bild1.png\" class=\"image wp-image-2795  attachment-full size-full\" alt=\"\" style=\"max-width: 100%; height: auto;\" \/><\/div>\n<div id=\"panel-2796-0-0-1\" class=\"so-panel widget widget_text panel-last-child\" data-index=\"1\" data-style=\"{&quot;background_display&quot;:&quot;tile&quot;}\" >\n<div class=\"textwidget\">\n<p>Robert Schwaiger<br \/>\nParagleiter<\/p>\n<p>1984 nahmen mich mit 16 Jahren \u00e4ltere Kollegen des AV HG Wattens mit nach Chamonix um den Mont Blanc mit Schi zu besteigen. In der Auffahrt auf die Mittelstation der Auguille de Midi sah ich mehrere Fallschirme ins Tal fliegen \u2013 aber \u2013 kein Flugzeug. Verwundert registrierten wir, dass da \u201eWaghalsige zu Fu\u00df vom Berg springen\u201c.<\/p>\n<p>Das war der Beginn meiner fliegerischen Aktivit\u00e4ten. Im Herbst 1984 zum ersten Mal mit einem LdK Randonneuse in Tulfes von Boden abgehoben und im Anschluss den Flugschein bei \u201eMisty\u201c in der Zillertaler Flugschule gemacht. Ein Jahr sp\u00e4ter beim 1ten Lucky Strike Open in Verbier die Bekanntschaft mit Thermik gemacht und erkannt, dass man auch l\u00e4nger in der Luft bleiben kann als 5 Minuten L .<\/p>\n<p>Nach ein paar Jahren Wettbewerbsfliegen mit einem Falhawk und dann auf PRO DESIGN (2. Platz Meeting di Volo Monte Grappa) und einer 3-j\u00e4hrigen T\u00e4tigkeit als Testpilot bei PRO DESIGN erkannt, dass das Streckenfliegen eigentlich meine Passion ist. So gelangen mir f\u00fcr die damalige Zeit (Ende 80er Jahre) die ersten langen Fl\u00fcge von der Seegrube nach Scoul (2te 100er in den Alpen) oder von der Hinterhorn nach Kitzb\u00fchel u.a. sch\u00f6ne Streckenfl\u00fcge.<\/p>\n<p>Meine fliegerische Heimat ist und war immer die Hinterhornalm von wo aus ich zu vielen sch\u00f6nen Fl\u00fcgen gestartet bin. Mein sch\u00f6nster Flug war wahrscheinlich der Vatertag 2014 mit Start im Wattental im Bereich Haneburger und Aus\u201cflug\u201c ins Zillertal &#8211; Pinzgau &#8211; Zell am See \u2013 Berchtesgadener Alpen und im Anschluss \u00fcber Lofer \u2013 Koasa \u2013 wieder ins Inntal. Als langj\u00e4hriges Mitglied des Drachenfliegerclubs Innsbruck hegte sich schon l\u00e4nger die Idee auch einem Gleitschirmclub beizutreten, was ich im Herbst 2020 gemacht habe.<\/p>\n<\/div><\/div>\n<\/div>\n<\/div>\n<\/div>\n","protected":false},"excerpt":{"rendered":"<p>Robert Schwaiger Paragleiter 1984 nahmen mich mit 16 Jahren \u00e4ltere Kollegen des AV HG Wattens mit nach Chamonix um den Mont Blanc mit Schi zu besteigen. In der Auffahrt auf &#8230; <a title=\"Robert Schwaiger\" class=\"read-more\" href=\"https:\/\/jochdohlen.com\/?page_id=2796\" aria-label=\"Mehr Informationen \u00fcber Robert Schwaiger\">Weiterlesen<\/a><\/p>\n","protected":false},"author":2,"featured_media":0,"parent":0,"menu_order":0,"comment_status":"closed","ping_status":"closed","template":"","meta":{"footnotes":""},"class_list":["post-2796","page","type-page","status-publish"],"_links":{"self":[{"href":"https:\/\/jochdohlen.com\/index.php?rest_route=\/wp\/v2\/pages\/2796","targetHints":{"allow":["GET"]}}],"collection":[{"href":"https:\/\/jochdohlen.com\/index.php?rest_route=\/wp\/v2\/pages"}],"about":[{"href":"https:\/\/jochdohlen.com\/index.php?rest_route=\/wp\/v2\/types\/page"}],"author":[{"embeddable":true,"href":"https:\/\/jochdohlen.com\/index.php?rest_route=\/wp\/v2\/users\/2"}],"replies":[{"embeddable":true,"href":"https:\/\/jochdohlen.com\/index.php?rest_route=%2Fwp%2Fv2%2Fcomments&post=2796"}],"version-history":[{"count":3,"href":"https:\/\/jochdohlen.com\/index.php?rest_route=\/wp\/v2\/pages\/2796\/revisions"}],"predecessor-version":[{"id":2843,"href":"https:\/\/jochdohlen.com\/index.php?rest_route=\/wp\/v2\/pages\/2796\/revisions\/2843"}],"wp:attachment":[{"href":"https:\/\/jochdohlen.com\/index.php?rest_route=%2Fwp%2Fv2%2Fmedia&parent=2796"}],"curies":[{"name":"wp","href":"https:\/\/api.w.org\/{rel}","templated":true}]}}