{"id":2813,"date":"2021-03-21T19:59:15","date_gmt":"2021-03-21T18:59:15","guid":{"rendered":"http:\/\/www.jochdohlen.com\/wordpress\/?page_id=2813"},"modified":"2021-03-21T19:59:37","modified_gmt":"2021-03-21T18:59:37","slug":"emanuel-pixner","status":"publish","type":"page","link":"https:\/\/jochdohlen.com\/?page_id=2813","title":{"rendered":"Emanuel Pixner"},"content":{"rendered":"<div id=\"pl-2813\"  class=\"panel-layout\" >\n<div id=\"pg-2813-0\"  class=\"panel-grid panel-no-style\" >\n<div id=\"pgc-2813-0-0\"  class=\"panel-grid-cell\"  data-weight=\"1\" >\n<div id=\"panel-2813-0-0-0\" class=\"so-panel widget widget_media_image panel-first-child\" data-index=\"0\" data-style=\"{&quot;background_display&quot;:&quot;tile&quot;}\" ><img fetchpriority=\"high\" decoding=\"async\" width=\"320\" height=\"239\" src=\"https:\/\/jochdohlen.com\/wp-content\/uploads\/2021\/03\/IMG_20210226_133309.jpeg\" class=\"image wp-image-2814  attachment-full size-full\" alt=\"\" style=\"max-width: 100%; height: auto;\" \/><\/div>\n<div id=\"panel-2813-0-0-1\" class=\"so-panel widget widget_text panel-last-child\" data-index=\"1\" data-style=\"{&quot;background_image_attachment&quot;:false,&quot;background_display&quot;:&quot;tile&quot;}\" >\n<div class=\"textwidget\">\n<div>\n<div>Emanuel Pixner<br \/>\nParagleiter<\/div>\n<div><\/div>\n<div><\/div>\n<div>\n<p>Fliegen gelernt habe ich im Jahr 2010 im sch\u00f6nen Gsiberg. Mit der FCA sind in Schnifis die ersten H\u00f6henfl\u00fcge absolviert worden und ab da ging es um das Erkunden der Luft mit dem neu erlernten \u201eK\u00f6nnen\u201c. Es erwies sich dabei \u00f6fter das Gl\u00fcck gr\u00f6\u00dfer als das K\u00f6nnen.<\/p>\n<p>Mit der Erkenntnis, dass es Thermik tats\u00e4chlich gibt und nicht nur ein theoretisches Konzept ist, wuchs das Interesse am Streckenfliegen. Heute genie\u00dfe ich Hike&amp;Fly genauso wie auf Strecke zu gehen oder im Abendrot zu soaren. Zu den absoluten Highlights z\u00e4hlen meist unerwartete Ereignisse bei unscheinbaren Fl\u00fcgen wie z.B. Thermikfliegen mit \u00fcber 50 Kapgeiern in S\u00fcdafrika oder das stundenlange Fliegen in magisch tragender Abendluft am Patscherkofel.<\/p>\n<\/div>\n<\/div>\n<\/div><\/div>\n<\/div>\n<\/div>\n<\/div>\n","protected":false},"excerpt":{"rendered":"<p>Emanuel Pixner Paragleiter Fliegen gelernt habe ich im Jahr 2010 im sch\u00f6nen Gsiberg. Mit der FCA sind in Schnifis die ersten H\u00f6henfl\u00fcge absolviert worden und ab da ging es um &#8230; <a title=\"Emanuel Pixner\" class=\"read-more\" href=\"https:\/\/jochdohlen.com\/?page_id=2813\" aria-label=\"Mehr Informationen \u00fcber Emanuel Pixner\">Weiterlesen<\/a><\/p>\n","protected":false},"author":2,"featured_media":0,"parent":0,"menu_order":0,"comment_status":"closed","ping_status":"closed","template":"","meta":{"footnotes":""},"class_list":["post-2813","page","type-page","status-publish"],"_links":{"self":[{"href":"https:\/\/jochdohlen.com\/index.php?rest_route=\/wp\/v2\/pages\/2813","targetHints":{"allow":["GET"]}}],"collection":[{"href":"https:\/\/jochdohlen.com\/index.php?rest_route=\/wp\/v2\/pages"}],"about":[{"href":"https:\/\/jochdohlen.com\/index.php?rest_route=\/wp\/v2\/types\/page"}],"author":[{"embeddable":true,"href":"https:\/\/jochdohlen.com\/index.php?rest_route=\/wp\/v2\/users\/2"}],"replies":[{"embeddable":true,"href":"https:\/\/jochdohlen.com\/index.php?rest_route=%2Fwp%2Fv2%2Fcomments&post=2813"}],"version-history":[{"count":4,"href":"https:\/\/jochdohlen.com\/index.php?rest_route=\/wp\/v2\/pages\/2813\/revisions"}],"predecessor-version":[{"id":2818,"href":"https:\/\/jochdohlen.com\/index.php?rest_route=\/wp\/v2\/pages\/2813\/revisions\/2818"}],"wp:attachment":[{"href":"https:\/\/jochdohlen.com\/index.php?rest_route=%2Fwp%2Fv2%2Fmedia&parent=2813"}],"curies":[{"name":"wp","href":"https:\/\/api.w.org\/{rel}","templated":true}]}}