{"id":282,"date":"2013-10-27T13:10:52","date_gmt":"2013-10-27T12:10:52","guid":{"rendered":"http:\/\/www.jochdohlen.com\/wordpress\/?page_id=282"},"modified":"2023-11-02T21:37:51","modified_gmt":"2023-11-02T20:37:51","slug":"fluggebiet","status":"publish","type":"page","link":"https:\/\/jochdohlen.com\/?page_id=282","title":{"rendered":"Fluggebiet"},"content":{"rendered":"<h1 style=\"text-align: center;\">Unsere Fluggebiete im Stubaital &#8211; der Flypark Stubai<\/h1>\n<p style=\"text-align: center;\"><strong>Ein Eldorado f\u00fcr alle Drachenflieger und Paragleiter die ihr Hobby in Fulpmes oder in Neustift im Stubaital aus\u00fcben wollen.<\/strong><\/p>\n<p>Zwei Berge, zwei Bahnen,zwei Startpl\u00e4tze, zwei Landepl\u00e4tze, und jede Menge M\u00f6glichkeiten mit nur einer Liftkarte!!<br \/>\nZwei wundersch\u00f6ne Gebiete liegen hier dicht beeinander:<br \/>\nDas Kreuzjoch im Schi und Wanderpardies Schlick 2000<br \/>\nund der Elfer, der Hausberg von Neustift.<\/p>\n<p style=\"text-align: left;\" align=\"center\">Beide Gebiete sind\u00a0 ganzj\u00e4hrig zu befliegen. Im Fr\u00fchjahr, Herbst und Winter ist das Kreuzjoch etwas sonnenbeg\u00fcnstigt.<\/p>\n<p style=\"text-align: left;\" align=\"center\"><strong>Landeplatz an der Medrazerstra\u00dfe in Fulpmes<\/strong><br \/>\n<img fetchpriority=\"high\" decoding=\"async\" class=\"alignnone size-large wp-image-3176\" src=\"https:\/\/jochdohlen.com\/wp-content\/uploads\/2022\/07\/Landeplatz-1024x659.jpg\" alt=\"\" width=\"625\" height=\"402\" srcset=\"https:\/\/jochdohlen.com\/wp-content\/uploads\/2022\/07\/Landeplatz-1024x659.jpg 1024w, https:\/\/jochdohlen.com\/wp-content\/uploads\/2022\/07\/Landeplatz-500x322.jpg 500w, https:\/\/jochdohlen.com\/wp-content\/uploads\/2022\/07\/Landeplatz-768x494.jpg 768w, https:\/\/jochdohlen.com\/wp-content\/uploads\/2022\/07\/Landeplatz-624x401.jpg 624w, https:\/\/jochdohlen.com\/wp-content\/uploads\/2022\/07\/Landeplatz.jpg 1822w\" sizes=\"(max-width: 625px) 100vw, 625px\" \/><\/p>\n<p><strong>Landeplatzordnung:<\/strong><\/p>\n<ul>\n<li><strong>Halten und Parken<\/strong> nur parallel zur Hauptstra\u00dfe, Einfahrt freihalten!<\/li>\n<li><strong>Landeplatz sofort verlassen<\/strong><br \/>\nEinpacken nur am Abbauplatz<\/li>\n<li><strong>Rauchen<\/strong><strong>, Essen und Trinken<\/strong> nur beim PilotInnentreff (Aschenbecher benutzen!)<\/li>\n<li><strong>L\u00e4rmen verboten<\/strong> (Nutztiere in der N\u00e4<\/li>\n<li><strong><em>Groundhandling<\/em><\/strong> verboten (zu wenig Platz)<\/li>\n<li><strong>Achtung<em>: <\/em><\/strong>Landewiese f\u00fcr <u>unerfahrene Drachenflieger<\/u> nicht geeignet!<\/li>\n<li><strong>Landen und Betreten<\/strong> auf eigene Gefahr!<\/li>\n<li><strong>Zutritt<\/strong> ausschlie\u00dflich f\u00fcr H\u00e4nge- und Paragleiter erlaubt!<\/li>\n<\/ul>\n<p><strong>Fluggebietsordnung im Gebiet der Schlick2000:<\/strong><\/p>\n<ul>\n<li>Es d\u00fcrfen ausschlie\u00dflich Piloten mit den erforderlichen Qualifikationen, oder unter Aufsicht eines Fluglehrers, das Fluggel\u00e4nde (Start und Landeplatz) nutzen.<br \/>\nDer Pilot ist f\u00fcr Start, Flug und Landung allein verantwortlich und hat alle beh\u00f6rdlichen Auflagen eigenst\u00e4ndig zu erf\u00fcllen.<\/li>\n<li>Es darf nur der Startplatz am Kreuzjoch (s\u00fcdlich des Panoramarestaurants) verwendet werden. Der Start \u00fcber die Rampe ist mit dem Paragleiter F\u00fcr jeden anderen Startplatz bedarf es der Zustimmung des jeweiligen Grundeigent\u00fcmers.<\/li>\n<li>W\u00e4hrend des Fluges sind neben den allgemeinen Flugregeln bei einem \u00dcberfliegen der Anlagen der Fa. Schlick2000 eine Mindesth\u00f6he von 50 m und ein notwendiger seitlicher Mindestabstand einzuhalten, damit die Sicherheit gew\u00e4hrleistet ist.<\/li>\n<li>F\u00fcr die Landung darf nur der offizielle Landeplatz an der Medrazerstra\u00dfe verwendet werden.<\/li>\n<li>F\u00fcr absichtliche Landungen auf anderen Grundst\u00fccken ist vorher die Erlaubnis des Grundeigent\u00fcmers einzuholen.<\/li>\n<li>Bei unabsichtlichen Landungen au\u00dferhalb des Landeplatzes sind alle Sch\u00e4den und Anspr\u00fcche daraus vom Piloten selbst zu tragen.<\/li>\n<li>Die Fa. Schlick2000 ist f\u00fcr den Start, den Flug, die Landung und die Abwicklung nicht verantwortlich. Sollten daraus Anspr\u00fcche gegen die Fa. Schlick2000 erhoben werden, h\u00e4lt der Pilot die Fa. Schlick2000 schad- und klaglos.<\/li>\n<li>Private Tandemfl\u00fcge sind ausschlie\u00dflich f\u00fcr Mitglieder der Stubaier Jochdohlen erlaubt. Gewerbliche und Selbstkosten Tandemfl\u00fcge nur nach Absprache mit der Schlick2000.<\/li>\n<li>F\u00fcr allf\u00e4llige Streitigkeiten wird Innsbruck als Gerichtsstand vereinbart. Es gilt \u00d6sterreichisches Recht.<\/li>\n<li>Durch die Ben\u00fctzung des Start- bzw. Landeplatzes werden oben stehende Regelungen anerkannt.<\/li>\n<\/ul>\n<p style=\"text-align: left;\" align=\"center\"><strong>Augrund der N\u00e4he zum Flughafen Innsbruck haben sich alle Flugsportler an gewisse Regeln zu halten!<\/strong><\/p>\n<p>Die CTR Innsbruck engt den Flugspa\u00df gegen Norden ein. Im Osten st\u00f6rt der Luftraum D.<br \/>\nEine aktuelle \u00dcbersicht findet ihr hier <a href=\"https:\/\/airspace.xcontest.org\/app\/overview\">Airspace \u00d6sterreich<\/a><\/p>\n<p>Wer in Tirol noch weiter fliegen m\u00f6chte, sollte sich unbedingt gut vorbereiten und folgende Dateien genau studieren!<\/p>\n<ul>\n<li><a href=\"https:\/\/www.dropbox.com\/s\/kclvo7u6fuc1ec8\/paragleiterabkommen_nordpark_2.0.pdf?dl=0\" target=\"_blank\" rel=\"noopener\">Pargleiterabkommen Nordpark Innsbruck<\/a><\/li>\n<li><a href=\"https:\/\/www.dropbox.com\/s\/b6g8nyhz1xai6vz\/Luftraumreservierung%20Holzleitensattel.pdf?dl=0\" target=\"_blank\" rel=\"noopener\">Aktivierung Holzleitensattl<\/a><\/li>\n<li><a href=\"https:\/\/www.dropbox.com\/s\/cq3lqap1h4soz37\/Aktivierung%20TRA%20Nordpark%20und%20TRA%20LOWI%20C.pdf?dl=0\" target=\"_blank\" rel=\"noopener\">Aktivierung TRA Nordpark und TRA LOWI C<\/a><\/li>\n<li><a href=\"https:\/\/www.dropbox.com\/s\/gzbayrmmcmymssj\/Aktivierung%20TRA%20LOWI%20L%2C%20TRA.pdf?dl=0\" target=\"_blank\" rel=\"noopener\">Aktivierung TRA LOWI L, TRA<\/a><\/li>\n<\/ul>\n<p><strong>Die Luftraumdatei f\u00fcr alle GPS<\/strong> <a href=\"https:\/\/airspace.xcontest.org\/app\/overview\">Luftraum \u00d6sterreich ab 2019<\/a>\u00a0Die Luftraumdateien f\u00fcr\u00a0 <a href=\"http:\/\/www.dhv-xc.de\/xc\/modules\/leonardo\/index.php?name=leonardo&amp;op=luftraum\">Europa findet ihr hier. <\/a><\/p>\n<hr \/>\n<h2>Kreuzjoch im Schi und Wanderparadies Schlick 2000<\/h2>\n<p><img decoding=\"async\" src=\"https:\/\/www.stubai.at\/fileadmin\/templates\/images\/logos\/schlick2000-logo.svg\" alt=\"Schlick 2000\" width=\"200\" \/><br \/>\nLand: \u00d6sterreich<br \/>\nOrt: Fulpmes<br \/>\nStartplatz: 2136m<br \/>\nLandeplatzt: 980m<br \/>\nH\u00f6hendifferenz: 1200m<br \/>\nStartrichtung: SO-S<br \/>\nKoordinaten:<br \/>\nLandewiese: 47\u00b008&#8217;51.4&#8243;N 11\u00b020&#8217;43.1&#8243;E<\/p>\n<p>Rampe f\u00fcr Drachen direkt neben der Terasse des Bergrestaurants. <strong>Achtung!! F\u00fcr unge\u00fcbte Drachenflieger ist der Landeplatz in Fulpmes nicht geeignet!<\/strong> F\u00fcr Paragleiter Naturstartplatz gleich unterhalb.<\/p>\n<div class=\"shashinPhotoGroups\"><div class=\"shashinThumbnailsTable\" id=\"shashinGroup_1_1\" style=\"\">\n<div class=\"shashinCaption\"><\/div>\n<div class=\"shashinTableRow\">\n<div class=\"shashinTableCell\" data-original_width=\"33%\" style=\" width: 33%; max-width: 150px;\"><div class=\"shashinThumbnailWrapper\"><a href=\"https:\/\/lh3.googleusercontent.com\/-FiV8pBhZLPY\/UnZj0xSJZ5I\/AAAAAAAACeM\/FjYhIj0iXko\/kreuzjochstart.jpg?imgmax=1024\" id=\"shashinThumbnailLink_1\" data-ShashinPhoto=\"1161\" rel=\"shashinPrettyPhoto[1]\"><img decoding=\"async\" src=\"https:\/\/lh3.googleusercontent.com\/-FiV8pBhZLPY\/UnZj0xSJZ5I\/AAAAAAAACeM\/FjYhIj0iXko\/kreuzjochstart.jpg?imgmax=150\" alt=\"\" width=\"150\" class=\"shashinThumbnailImage\" id=\"shashinThumbnailImage_1\" \/><\/a><div class=\"shashinPrettyphotoCaptionWrapper\" id=\"shashinPrettyphotoCaption_1\">\n<div class=\"shashinPrettyPhotoCaption\">\n<span class=\"shashinCaptionExif\">15-Jan.-2005 12:52<\/span><div class=\"shashinLinkToOriginalPhoto\"><a href=\"https:\/\/picasaweb.google.com\/Jochdohle.Salchi\/JDWebseite?authkey=Gv1sRgCLfp9MCjiL-qyAE#5942046516595746706\">View at Picasa<\/a><\/div>\n<\/div><\/div>\n\n<\/div><\/div>\n<div class=\"shashinTableCell\" data-original_width=\"33%\" style=\" width: 33%; max-width: 150px;\"><div class=\"shashinThumbnailWrapper\"><a href=\"https:\/\/lh4.googleusercontent.com\/-99dHw8lHE8A\/UnZj3XoUi2I\/AAAAAAAACe0\/I2WkvgYzGdE\/kreuzjochvonoben.jpg?imgmax=1024\" id=\"shashinThumbnailLink_2\" data-ShashinPhoto=\"1166\" rel=\"shashinPrettyPhoto[1]\"><img decoding=\"async\" src=\"https:\/\/lh4.googleusercontent.com\/-99dHw8lHE8A\/UnZj3XoUi2I\/AAAAAAAACe0\/I2WkvgYzGdE\/kreuzjochvonoben.jpg?imgmax=150\" alt=\"\" width=\"150\" class=\"shashinThumbnailImage\" id=\"shashinThumbnailImage_2\" \/><\/a><div class=\"shashinPrettyphotoCaptionWrapper\" id=\"shashinPrettyphotoCaption_2\">\n<div class=\"shashinPrettyPhotoCaption\">\n<span class=\"shashinCaptionExif\">17-Dez.-2005 23:00<\/span><div class=\"shashinLinkToOriginalPhoto\"><a href=\"https:\/\/picasaweb.google.com\/Jochdohle.Salchi\/JDWebseite?authkey=Gv1sRgCLfp9MCjiL-qyAE#5942046561249037154\">View at Picasa<\/a><\/div>\n<\/div><\/div>\n\n<\/div><\/div>\n<div class=\"shashinTableCell\" data-original_width=\"33%\" style=\" width: 33%; max-width: 150px;\"><div class=\"shashinThumbnailWrapper\"><a href=\"https:\/\/lh4.googleusercontent.com\/-jAWva76rFZM\/UnZj1QOICOI\/AAAAAAAACeU\/Osy2-bnO_Bg\/kreuzjochwinter.jpg?imgmax=1024\" id=\"shashinThumbnailLink_3\" data-ShashinPhoto=\"1162\" rel=\"shashinPrettyPhoto[1]\"><img decoding=\"async\" src=\"https:\/\/lh4.googleusercontent.com\/-jAWva76rFZM\/UnZj1QOICOI\/AAAAAAAACeU\/Osy2-bnO_Bg\/kreuzjochwinter.jpg?imgmax=150\" alt=\"\" width=\"150\" class=\"shashinThumbnailImage\" id=\"shashinThumbnailImage_3\" \/><\/a><div class=\"shashinPrettyphotoCaptionWrapper\" id=\"shashinPrettyphotoCaption_3\">\n<div class=\"shashinPrettyPhotoCaption\">\n<span class=\"shashinCaptionExif\">15-Jan.-2005 13:00<\/span><div class=\"shashinLinkToOriginalPhoto\"><a href=\"https:\/\/picasaweb.google.com\/Jochdohle.Salchi\/JDWebseite?authkey=Gv1sRgCLfp9MCjiL-qyAE#5942046524900378850\">View at Picasa<\/a><\/div>\n<\/div><\/div>\n\n<\/div><\/div>\n<\/div><div class=\"shashinTableRowClear\">&nbsp;<\/div>\n<div class=\"shashinCaptionBottom shashinCaption\"><\/div>\n<\/div>\n<\/div>\n\n<hr \/>\n<h2>Elfer unser Soaringparadies im Stubai<\/h2>\n<p><img decoding=\"async\" src=\"https:\/\/www.stubai.at\/fileadmin\/templates\/images\/logos\/elferbahnen-logo.svg\" alt=\"Elfer\" width=\"200\" \/><br \/>\nLand: \u00d6sterreich<br \/>\nOrt: Neustift<br \/>\nStartplatz: 1830m<br \/>\nLandeplatzt: 1000m<br \/>\nH\u00f6hendifferenz: 800m<br \/>\nStartrichtung: O-N<br \/>\nKoordinaten: 47\u00b0 06\u00b4 46&#8243; N<br \/>\nLandewiese: 11\u00b0 18\u00b4 56&#8243; O<\/p>\n<p>Sch\u00f6ner Naturstartplatz oberhalb der Bergstation oder auch direkt vom Weg.<\/p>\n<p>Wegen dem mitunter starken Talwind soll man am Elferlandeplatz die H\u00f6he durch Abachtern abbauen und sich tunlichst nicht hinter die H\u00e4user verwehen lassen! (Paragleiter)<\/p>\n<div class=\"shashinPhotoGroups\"><div class=\"shashinThumbnailsTable\" id=\"shashinGroup_2_2\" style=\"\">\n<div class=\"shashinCaption\"><\/div>\n<div class=\"shashinTableRow\">\n<div class=\"shashinTableCell\" data-original_width=\"33%\" style=\" width: 33%; max-width: 150px;\"><div class=\"shashinThumbnailWrapper\"><a href=\"https:\/\/lh4.googleusercontent.com\/-BxIXzyhrWZw\/UnZj14S-7yI\/AAAAAAAACec\/VzlXmdlf-Tk\/elferwinterr.jpg?imgmax=1024\" id=\"shashinThumbnailLink_4\" data-ShashinPhoto=\"1163\" rel=\"shashinPrettyPhoto[2]\"><img decoding=\"async\" src=\"https:\/\/lh4.googleusercontent.com\/-BxIXzyhrWZw\/UnZj14S-7yI\/AAAAAAAACec\/VzlXmdlf-Tk\/elferwinterr.jpg?imgmax=150\" alt=\"\" width=\"150\" class=\"shashinThumbnailImage\" id=\"shashinThumbnailImage_4\" \/><\/a><div class=\"shashinPrettyphotoCaptionWrapper\" id=\"shashinPrettyphotoCaption_4\">\n<div class=\"shashinPrettyPhotoCaption\">\n<span class=\"shashinCaptionExif\">05-M\u00e4rz-2005 11:09<\/span><div class=\"shashinLinkToOriginalPhoto\"><a href=\"https:\/\/picasaweb.google.com\/Jochdohle.Salchi\/JDWebseite?authkey=Gv1sRgCLfp9MCjiL-qyAE#5942046535658172194\">View at Picasa<\/a><\/div>\n<\/div><\/div>\n\n<\/div><\/div>\n<div class=\"shashinTableCell\" data-original_width=\"33%\" style=\" width: 33%; max-width: 150px;\"><div class=\"shashinThumbnailWrapper\"><a href=\"https:\/\/lh5.googleusercontent.com\/-fztysCdb0-s\/UnZj2UU9oWI\/AAAAAAAACeg\/jLUOn06bme8\/elferstart.jpg?imgmax=1024\" id=\"shashinThumbnailLink_5\" data-ShashinPhoto=\"1164\" rel=\"shashinPrettyPhoto[2]\"><img decoding=\"async\" src=\"https:\/\/lh5.googleusercontent.com\/-fztysCdb0-s\/UnZj2UU9oWI\/AAAAAAAACeg\/jLUOn06bme8\/elferstart.jpg?imgmax=150\" alt=\"\" width=\"150\" class=\"shashinThumbnailImage\" id=\"shashinThumbnailImage_5\" \/><\/a><div class=\"shashinPrettyphotoCaptionWrapper\" id=\"shashinPrettyphotoCaption_5\">\n<div class=\"shashinPrettyPhotoCaption\">\n<span class=\"shashinCaptionExif\">17-Dez.-2005 23:00<\/span><div class=\"shashinLinkToOriginalPhoto\"><a href=\"https:\/\/picasaweb.google.com\/Jochdohle.Salchi\/JDWebseite?authkey=Gv1sRgCLfp9MCjiL-qyAE#5942046543182668130\">View at Picasa<\/a><\/div>\n<\/div><\/div>\n\n<\/div><\/div>\n<div class=\"shashinTableCell\" data-original_width=\"33%\" style=\" width: 33%; max-width: 150px;\"><div class=\"shashinThumbnailWrapper\"><a href=\"https:\/\/lh3.googleusercontent.com\/-vgtcJyu3TLE\/UnZj3xJN_eI\/AAAAAAAACe4\/nhTt1S9vetA\/neustiftlande.jpg?imgmax=1024\" id=\"shashinThumbnailLink_6\" data-ShashinPhoto=\"1167\" rel=\"shashinPrettyPhoto[2]\"><img decoding=\"async\" src=\"https:\/\/lh3.googleusercontent.com\/-vgtcJyu3TLE\/UnZj3xJN_eI\/AAAAAAAACe4\/nhTt1S9vetA\/neustiftlande.jpg?imgmax=150\" alt=\"\" width=\"150\" class=\"shashinThumbnailImage\" id=\"shashinThumbnailImage_6\" \/><\/a><div class=\"shashinPrettyphotoCaptionWrapper\" id=\"shashinPrettyphotoCaption_6\">\n<div class=\"shashinPrettyPhotoCaption\">\n<span class=\"shashinCaptionExif\">17-Dez.-2005 23:00<\/span><div class=\"shashinLinkToOriginalPhoto\"><a href=\"https:\/\/picasaweb.google.com\/Jochdohle.Salchi\/JDWebseite?authkey=Gv1sRgCLfp9MCjiL-qyAE#5942046568097906146\">View at Picasa<\/a><\/div>\n<\/div><\/div>\n\n<\/div><\/div>\n<\/div><div class=\"shashinTableRowClear\">&nbsp;<\/div>\n<div class=\"shashinCaptionBottom shashinCaption\"><\/div>\n<\/div>\n<\/div>\n\n<hr \/>\n<p>Im Stubaital ist einiges anders, als man es gewohnt ist:<\/p>\n<p>* Mikroklima*.<\/p>\n<p>Das Tal ist ringsum durch hohe Bergriesen abgeschirmt. Nur vom Inntal im Nordosten pustet der Talwind hinein, der ab den Mittagsstunden ein Soaren am und vorm Elfer m\u00f6glich macht. Selbst wenn im Rest \u00d6sterreichs wegen Mistwetter nicht geflogen werden kann, erlaubt das Mikroklima des Stubaitals oft noch ein paar nette Fl\u00fcge. (Vorsicht, das soll kein Freibrief sein! Bei F\u00f6hn, Gewitter und starken \u00fcberregionalen Winden ist auch hier das Fliegen gef\u00e4hrlich.)<\/p>\n","protected":false},"excerpt":{"rendered":"<p>Unsere Fluggebiete im Stubaital &#8211; der Flypark Stubai Ein Eldorado f\u00fcr alle Drachenflieger und Paragleiter die ihr Hobby in Fulpmes oder in Neustift im Stubaital aus\u00fcben wollen. Zwei Berge, zwei &#8230; <a title=\"Fluggebiet\" class=\"read-more\" href=\"https:\/\/jochdohlen.com\/?page_id=282\" aria-label=\"Mehr Informationen \u00fcber Fluggebiet\">Weiterlesen<\/a><\/p>\n","protected":false},"author":1,"featured_media":0,"parent":0,"menu_order":0,"comment_status":"closed","ping_status":"open","template":"","meta":{"footnotes":""},"class_list":["post-282","page","type-page","status-publish"],"_links":{"self":[{"href":"https:\/\/jochdohlen.com\/index.php?rest_route=\/wp\/v2\/pages\/282","targetHints":{"allow":["GET"]}}],"collection":[{"href":"https:\/\/jochdohlen.com\/index.php?rest_route=\/wp\/v2\/pages"}],"about":[{"href":"https:\/\/jochdohlen.com\/index.php?rest_route=\/wp\/v2\/types\/page"}],"author":[{"embeddable":true,"href":"https:\/\/jochdohlen.com\/index.php?rest_route=\/wp\/v2\/users\/1"}],"replies":[{"embeddable":true,"href":"https:\/\/jochdohlen.com\/index.php?rest_route=%2Fwp%2Fv2%2Fcomments&post=282"}],"version-history":[{"count":95,"href":"https:\/\/jochdohlen.com\/index.php?rest_route=\/wp\/v2\/pages\/282\/revisions"}],"predecessor-version":[{"id":3348,"href":"https:\/\/jochdohlen.com\/index.php?rest_route=\/wp\/v2\/pages\/282\/revisions\/3348"}],"wp:attachment":[{"href":"https:\/\/jochdohlen.com\/index.php?rest_route=%2Fwp%2Fv2%2Fmedia&parent=282"}],"curies":[{"name":"wp","href":"https:\/\/api.w.org\/{rel}","templated":true}]}}