{"id":2833,"date":"2021-03-27T15:13:47","date_gmt":"2021-03-27T14:13:47","guid":{"rendered":"http:\/\/www.jochdohlen.com\/wordpress\/?page_id=2833"},"modified":"2021-03-27T15:13:47","modified_gmt":"2021-03-27T14:13:47","slug":"johanna-eller","status":"publish","type":"page","link":"https:\/\/jochdohlen.com\/?page_id=2833","title":{"rendered":"Johanna Eller"},"content":{"rendered":"<div id=\"pl-2833\"  class=\"panel-layout\" >\n<div id=\"pg-2833-0\"  class=\"panel-grid panel-no-style\"  data-style=\"{&quot;background_image_attachment&quot;:false,&quot;background_display&quot;:&quot;tile&quot;,&quot;cell_alignment&quot;:&quot;flex-start&quot;}\" >\n<div id=\"pgc-2833-0-0\"  class=\"panel-grid-cell\"  data-style=\"{&quot;background_image_attachment&quot;:false,&quot;background_display&quot;:&quot;tile&quot;,&quot;vertical_alignment&quot;:&quot;auto&quot;}\"  data-weight=\"0.5\" >\n<div id=\"panel-2833-0-0-0\" class=\"so-panel widget widget_media_image panel-first-child panel-last-child\" data-index=\"0\" data-style=\"{&quot;background_image_attachment&quot;:false,&quot;background_display&quot;:&quot;tile&quot;}\" ><img fetchpriority=\"high\" decoding=\"async\" width=\"376\" height=\"500\" src=\"https:\/\/jochdohlen.com\/wp-content\/uploads\/2021\/03\/WhatsApp-Image-2021-03-27-at-15.07.27-376x500.jpeg\" class=\"image wp-image-2831  attachment-medium size-medium\" alt=\"\" style=\"max-width: 100%; height: auto;\" srcset=\"https:\/\/jochdohlen.com\/wp-content\/uploads\/2021\/03\/WhatsApp-Image-2021-03-27-at-15.07.27-376x500.jpeg 376w, https:\/\/jochdohlen.com\/wp-content\/uploads\/2021\/03\/WhatsApp-Image-2021-03-27-at-15.07.27-768x1021.jpeg 768w, https:\/\/jochdohlen.com\/wp-content\/uploads\/2021\/03\/WhatsApp-Image-2021-03-27-at-15.07.27-770x1024.jpeg 770w, https:\/\/jochdohlen.com\/wp-content\/uploads\/2021\/03\/WhatsApp-Image-2021-03-27-at-15.07.27-624x830.jpeg 624w, https:\/\/jochdohlen.com\/wp-content\/uploads\/2021\/03\/WhatsApp-Image-2021-03-27-at-15.07.27.jpeg 1170w\" sizes=\"(max-width: 376px) 100vw, 376px\" \/><\/div>\n<\/div>\n<div id=\"pgc-2833-0-1\"  class=\"panel-grid-cell\"  data-weight=\"0.5\" >\n<div id=\"panel-2833-0-1-0\" class=\"so-panel widget widget_media_image panel-first-child panel-last-child\" data-index=\"1\" data-style=\"{&quot;background_image_attachment&quot;:false,&quot;background_display&quot;:&quot;tile&quot;}\" ><img decoding=\"async\" width=\"500\" height=\"500\" src=\"https:\/\/jochdohlen.com\/wp-content\/uploads\/2021\/03\/WhatsApp-Image-2021-03-27-at-15.07.25-500x500.jpeg\" class=\"image wp-image-2832  attachment-medium size-medium\" alt=\"\" style=\"max-width: 100%; height: auto;\" srcset=\"https:\/\/jochdohlen.com\/wp-content\/uploads\/2021\/03\/WhatsApp-Image-2021-03-27-at-15.07.25-500x500.jpeg 500w, https:\/\/jochdohlen.com\/wp-content\/uploads\/2021\/03\/WhatsApp-Image-2021-03-27-at-15.07.25-150x150.jpeg 150w, https:\/\/jochdohlen.com\/wp-content\/uploads\/2021\/03\/WhatsApp-Image-2021-03-27-at-15.07.25-768x768.jpeg 768w, https:\/\/jochdohlen.com\/wp-content\/uploads\/2021\/03\/WhatsApp-Image-2021-03-27-at-15.07.25-624x624.jpeg 624w, https:\/\/jochdohlen.com\/wp-content\/uploads\/2021\/03\/WhatsApp-Image-2021-03-27-at-15.07.25.jpeg 960w\" sizes=\"(max-width: 500px) 100vw, 500px\" \/><\/div>\n<\/div>\n<\/div>\n<div id=\"pg-2833-1\"  class=\"panel-grid panel-no-style\"  data-style=\"{&quot;background_image_attachment&quot;:false,&quot;background_display&quot;:&quot;tile&quot;,&quot;cell_alignment&quot;:&quot;flex-start&quot;}\" >\n<div id=\"pgc-2833-1-0\"  class=\"panel-grid-cell\"  data-style=\"{&quot;background_image_attachment&quot;:false,&quot;background_display&quot;:&quot;tile&quot;,&quot;vertical_alignment&quot;:&quot;auto&quot;}\"  data-weight=\"1\" >\n<div id=\"panel-2833-1-0-0\" class=\"so-panel widget widget_text panel-first-child panel-last-child\" data-index=\"2\" data-style=\"{&quot;background_image_attachment&quot;:false,&quot;background_display&quot;:&quot;tile&quot;}\" >\n<div class=\"textwidget\">\n<p>Johanna Eller<br \/>\nParagleiterin<\/p>\n<p>Durch meinen famili\u00e4ren Background machte ich meinen ersten Tandemflug mit rund 18 Monaten mit meinem Vater Hans-Peter. Meine Pioniers Eltern er\u00f6ffneten 1986 eine der ersten Drachen und Gleitschirmflugschulen in \u00d6sterreich und wir feiern 2021 unser 35-j\u00e4hriges Jubil\u00e4um. Unsere Flugschule Parafly ist in Neustift direkt am Landeplatz zu finden. Durch meine Mutter Monika hatte ich die M\u00f6glichkeit schon in fr\u00fchen Jahren erste Aufzieh\u00fcbungen und \u00dcbungshang-Fl\u00fcge zu machen. Meinen A-Schein erlangte ich gleich mit 16 Jahren und seither bin ich offiziell Paragleiterin.<br \/>\nSeit 2019 fliege ich aktiv und mache rund 100 Fl\u00fcge im Jahr, mit einem Nova Ion 5. Ich mach gerne den ein oder anderen Hike &amp; Fly und konnte heuer schon ein paar XC Punkte sammeln. Im Herbst 2020, absolvierte ich erfolgreich den ersten Step zur Fluglehrerin und konnte somit meinen Assistentenstatus erreichen. Derzeit arbeite ich als Fluglehrerassistin bei uns im Betrieb, mache die Buchhaltung und studiere nebenbei noch Wirtschaftswissenschaften an der Universit\u00e4t Innsbruck. Neben meiner Begeisterung zum Flugsport, habe ich seit 15 Jahre Pferde, geh gerne Skifahren und Skitouren, bin J\u00e4gerin und liebe es Zeit mit meinen Freuden zu verbringen.<\/p>\n<\/div><\/div>\n<\/div>\n<\/div>\n<\/div>\n","protected":false},"excerpt":{"rendered":"<p>Johanna Eller Paragleiterin Durch meinen famili\u00e4ren Background machte ich meinen ersten Tandemflug mit rund 18 Monaten mit meinem Vater Hans-Peter. Meine Pioniers Eltern er\u00f6ffneten 1986 eine der ersten Drachen und &#8230; <a title=\"Johanna Eller\" class=\"read-more\" href=\"https:\/\/jochdohlen.com\/?page_id=2833\" aria-label=\"Mehr Informationen \u00fcber Johanna Eller\">Weiterlesen<\/a><\/p>\n","protected":false},"author":2,"featured_media":0,"parent":0,"menu_order":0,"comment_status":"closed","ping_status":"closed","template":"","meta":{"footnotes":""},"class_list":["post-2833","page","type-page","status-publish"],"_links":{"self":[{"href":"https:\/\/jochdohlen.com\/index.php?rest_route=\/wp\/v2\/pages\/2833","targetHints":{"allow":["GET"]}}],"collection":[{"href":"https:\/\/jochdohlen.com\/index.php?rest_route=\/wp\/v2\/pages"}],"about":[{"href":"https:\/\/jochdohlen.com\/index.php?rest_route=\/wp\/v2\/types\/page"}],"author":[{"embeddable":true,"href":"https:\/\/jochdohlen.com\/index.php?rest_route=\/wp\/v2\/users\/2"}],"replies":[{"embeddable":true,"href":"https:\/\/jochdohlen.com\/index.php?rest_route=%2Fwp%2Fv2%2Fcomments&post=2833"}],"version-history":[{"count":2,"href":"https:\/\/jochdohlen.com\/index.php?rest_route=\/wp\/v2\/pages\/2833\/revisions"}],"predecessor-version":[{"id":2835,"href":"https:\/\/jochdohlen.com\/index.php?rest_route=\/wp\/v2\/pages\/2833\/revisions\/2835"}],"wp:attachment":[{"href":"https:\/\/jochdohlen.com\/index.php?rest_route=%2Fwp%2Fv2%2Fmedia&parent=2833"}],"curies":[{"name":"wp","href":"https:\/\/api.w.org\/{rel}","templated":true}]}}