{"id":941,"date":"2014-12-06T18:06:08","date_gmt":"2014-12-06T17:06:08","guid":{"rendered":"http:\/\/www.jochdohlen.com\/wordpress\/?page_id=941"},"modified":"2021-04-13T16:23:42","modified_gmt":"2021-04-13T15:23:42","slug":"anmeldung-zum-oesterreichischen-aero-club","status":"publish","type":"page","link":"https:\/\/jochdohlen.com\/?page_id=941","title":{"rendered":"Anmeldung zum \u00d6sterreichischen Aero Club"},"content":{"rendered":"<p><a href=\"https:\/\/jochdohlen.com\/wp-content\/uploads\/2014\/12\/Aeroclub1.jpg\"><img fetchpriority=\"high\" decoding=\"async\" class=\"alignnone wp-image-949\" src=\"https:\/\/jochdohlen.com\/wp-content\/uploads\/2014\/12\/Aeroclub1.jpg\" alt=\"Aeroclub\" width=\"640\" height=\"98\" \/><\/a><\/p>\n<p><strong><a href=\"https:\/\/aeroclub.at\/uploads\/images\/site\/796\/content1_text30\/OeAeC_MGD_012-i00_inkl-versicherungen-FAL_HPG.pdf\">Aero Club wozu, warum?\u00a0<\/a>\u00a0\u00a0\u00a0Hier die wichtigsten <a href=\"https:\/\/jochdohlen.com\/?page_id=2716\">Gr\u00fcnde Mitglied zu sein.<\/a><br \/>\n<\/strong><\/p>\n<p>1. Die <a href=\"https:\/\/jochdohlen.com\/wp-content\/uploads\/2021\/04\/Anmeldeblatt_2018_i03-1.pdf\" target=\"_blank\" rel=\"noopener\">Anmeldung <\/a>\u00f6ffnen und im MS Word ausf\u00fcllen, unterschreiben und einscannen.<\/p>\n<p>2. Die Datei an h.falschlunger \u00e4t gmail.com schicken.<\/p>\n<p>3. Wir best\u00e4tigen die Vereinszugeh\u00f6rigkeit und schicken es an den Aero Club weiter.<\/p>\n<p>4. Ausl\u00e4ndische Staatsb\u00fcrger mit Hauptwohnsitz in \u00d6sterreich auf <em><a href=\"https:\/\/aeroclub.at\/uploads\/images\/site\/796\/content1_text22\/Antrag_Sportlizenz_10dez2020.docx\" target=\"_blank\" rel=\"noopener\">Antrag <\/a><\/em>mit Nachweis einer Meldebest\u00e4tigung.<\/p>\n<p>Bist du bereits ein Vereinsloses Mitglied beim Aeroclub, melde dich bitte mit diesem Formular beid uns an. <a href=\"https:\/\/jochdohlen.com\/wp-content\/uploads\/2021\/04\/Vereinswechsel.pdf\" target=\"_blank\" rel=\"noopener\">Ummeldung<\/a><\/p>\n","protected":false},"excerpt":{"rendered":"<p>Aero Club wozu, warum?\u00a0\u00a0\u00a0\u00a0Hier die wichtigsten Gr\u00fcnde Mitglied zu sein. 1. Die Anmeldung \u00f6ffnen und im MS Word ausf\u00fcllen, unterschreiben und einscannen. 2. Die Datei an h.falschlunger \u00e4t gmail.com schicken. &#8230; <a title=\"Anmeldung zum \u00d6sterreichischen Aero Club\" class=\"read-more\" href=\"https:\/\/jochdohlen.com\/?page_id=941\" aria-label=\"Mehr Informationen \u00fcber Anmeldung zum \u00d6sterreichischen Aero Club\">Weiterlesen<\/a><\/p>\n","protected":false},"author":2,"featured_media":0,"parent":0,"menu_order":0,"comment_status":"closed","ping_status":"open","template":"","meta":{"footnotes":""},"class_list":["post-941","page","type-page","status-publish"],"_links":{"self":[{"href":"https:\/\/jochdohlen.com\/index.php?rest_route=\/wp\/v2\/pages\/941","targetHints":{"allow":["GET"]}}],"collection":[{"href":"https:\/\/jochdohlen.com\/index.php?rest_route=\/wp\/v2\/pages"}],"about":[{"href":"https:\/\/jochdohlen.com\/index.php?rest_route=\/wp\/v2\/types\/page"}],"author":[{"embeddable":true,"href":"https:\/\/jochdohlen.com\/index.php?rest_route=\/wp\/v2\/users\/2"}],"replies":[{"embeddable":true,"href":"https:\/\/jochdohlen.com\/index.php?rest_route=%2Fwp%2Fv2%2Fcomments&post=941"}],"version-history":[{"count":26,"href":"https:\/\/jochdohlen.com\/index.php?rest_route=\/wp\/v2\/pages\/941\/revisions"}],"predecessor-version":[{"id":2880,"href":"https:\/\/jochdohlen.com\/index.php?rest_route=\/wp\/v2\/pages\/941\/revisions\/2880"}],"wp:attachment":[{"href":"https:\/\/jochdohlen.com\/index.php?rest_route=%2Fwp%2Fv2%2Fmedia&parent=941"}],"curies":[{"name":"wp","href":"https:\/\/api.w.org\/{rel}","templated":true}]}}